{"id":8229,"date":"2025-02-21T23:49:46","date_gmt":"2025-02-21T20:49:46","guid":{"rendered":"https:\/\/beadyarn.com\/?page_id=8229"},"modified":"2025-02-22T00:26:46","modified_gmt":"2025-02-21T21:26:46","slug":"privacy-policy","status":"publish","type":"page","link":"https:\/\/beadyarn.com\/es\/privacy-policy\/","title":{"rendered":"Pol\u00edtica de privacidad"},"content":{"rendered":"<div class=\"cm_shortcode_container\" style=\"\"><h3 style=\"margin-left: 15px;\">Guiones<\/h3><div style=\"margin-left: 15px;\"><div><h4>Anal\u00edtica<\/h4><\/div><ul><li><strong>Etiqueta Google Ads<\/strong><p>Google AdSense permite a los sitios web ganar dinero utilizando una herramienta de visualizaci\u00f3n de Google en el sitio web para alojar anuncios de terceros que sean relevantes para su audiencia.<\/p><\/li><li><strong>Google Analytics<\/strong><p>Google Analytics le permite medir el ROI de su publicidad, as\u00ed como realizar un seguimiento de sus sitios y aplicaciones Flash, de v\u00eddeo y de redes sociales.<\/p><\/li><\/ul><div><h4>V\u00eddeos incrustados<\/h4><\/div><ul><li><strong>Youtube embed<\/strong><p>El contenido incrustado de YouTube se utiliza para mostrar v\u00eddeos de YouTube en este sitio web. Los scripts de YouTube pueden recopilar datos sobre los usuarios y sobre c\u00f3mo interact\u00faan con los v\u00eddeos.<\/p><\/li><\/ul><div><h4>Necesario<\/h4><\/div><ul><li><strong>Google captcha<\/strong><p>Una secuencia generada aleatoriamente de letras y\/o n\u00fameros que aparecen como una imagen distorsionada, y un cuadro de texto.<\/p><\/li><\/ul><div><h4>Fuentes Google<\/h4><\/div><ul><li><strong>Fuentes Google<\/strong><p>Google Fonts es una biblioteca de servicios de incrustaci\u00f3n de fuentes. Google Fonts se almacena en la CDN de Google. La API de Google Fonts est\u00e1 dise\u00f1ada para limitar la recopilaci\u00f3n, el almacenamiento y el uso de los datos del usuario final a solo lo necesario para servir las fuentes de forma eficiente. El uso de la API de Google Fonts no requiere autenticaci\u00f3n. Los visitantes del sitio web no env\u00edan cookies a la API de fuentes de Google. Las solicitudes a la API de fuentes de Google se realizan a dominios espec\u00edficos de recursos, como fonts.googleapis.com o fonts.gstatic.com. Esto significa que las solicitudes de fuentes son independientes y no contienen ninguna credencial que env\u00ede a google.com al utilizar otros servicios de Google que est\u00e9n autenticados, como Gmail.<\/p><\/li><\/ul><\/div><\/div>","protected":false},"excerpt":{"rendered":"","protected":false},"author":1,"featured_media":0,"parent":0,"menu_order":0,"comment_status":"closed","ping_status":"closed","template":"","meta":{"footnotes":""},"class_list":["post-8229","page","type-page","status-publish","hentry"],"_links":{"self":[{"href":"https:\/\/beadyarn.com\/es\/wp-json\/wp\/v2\/pages\/8229","targetHints":{"allow":["GET"]}}],"collection":[{"href":"https:\/\/beadyarn.com\/es\/wp-json\/wp\/v2\/pages"}],"about":[{"href":"https:\/\/beadyarn.com\/es\/wp-json\/wp\/v2\/types\/page"}],"author":[{"embeddable":true,"href":"https:\/\/beadyarn.com\/es\/wp-json\/wp\/v2\/users\/1"}],"replies":[{"embeddable":true,"href":"https:\/\/beadyarn.com\/es\/wp-json\/wp\/v2\/comments?post=8229"}],"version-history":[{"count":7,"href":"https:\/\/beadyarn.com\/es\/wp-json\/wp\/v2\/pages\/8229\/revisions"}],"predecessor-version":[{"id":8237,"href":"https:\/\/beadyarn.com\/es\/wp-json\/wp\/v2\/pages\/8229\/revisions\/8237"}],"wp:attachment":[{"href":"https:\/\/beadyarn.com\/es\/wp-json\/wp\/v2\/media?parent=8229"}],"curies":[{"name":"wp","href":"https:\/\/api.w.org\/{rel}","templated":true}]}}