{"id":7285,"date":"2024-09-28T22:53:53","date_gmt":"2024-09-28T22:53:53","guid":{"rendered":"https:\/\/beadyarn.com\/?post_type=product&#038;p=7285"},"modified":"2025-08-31T02:34:42","modified_gmt":"2025-08-30T23:34:42","slug":"macrame-cord-4-mm","status":"publish","type":"product","link":"https:\/\/beadyarn.com\/es\/product\/macrame-cord-4-mm\/","title":{"rendered":"Cord\u00f3n de macram\u00e9 4 MM"},"content":{"rendered":"<div data-elementor-type=\"product-post\" data-elementor-id=\"7285\" class=\"elementor elementor-7285\" data-elementor-post-type=\"product\">\n\t\t\t\t<div class=\"elementor-element elementor-element-22da2b5 e-flex e-con-boxed e-con e-parent\" data-id=\"22da2b5\" data-element_type=\"container\" data-e-type=\"container\">\n\t\t\t\t\t<div class=\"e-con-inner\">\n\t\t\t\t<div class=\"elementor-element elementor-element-6a2bac7 elementor-widget elementor-widget-text-editor\" data-id=\"6a2bac7\" data-element_type=\"widget\" data-e-type=\"widget\" data-widget_type=\"text-editor.default\">\n\t\t\t\t<div class=\"elementor-widget-container\">\n\t\t\t\t\t\t\t\t\t<p>Cord\u00f3n 4mm- es la elecci\u00f3n m\u00e1s maravillosa para tejer como accesorios, art\u00edculos de decoraci\u00f3n del hogar y otros proyectos de bricolaje. Beadyarn le ofrece una gran variedad de colores en su propia colecci\u00f3n.  Hay aprox. 250 gr \/ 55 m de longitud. Contenido-100% Algod\u00f3n reciclado y su certificado inofensivo para la salud. Dependiendo de su preferencia puede utilizar 6-8 mm gancho de la aguja. \u00a1Feliz d\u00eda de tejer por adelantado!<\/p>\t\t\t\t\t\t\t\t<\/div>\n\t\t\t\t<\/div>\n\t\t\t\t\t<\/div>\n\t\t\t\t<\/div>\n\t\t<div class=\"elementor-element elementor-element-653f9b3 e-flex e-con-boxed e-con e-parent\" data-id=\"653f9b3\" data-element_type=\"container\" data-e-type=\"container\">\n\t\t\t\t\t<div class=\"e-con-inner\">\n\t\t\t\t<div class=\"elementor-element elementor-element-22aa9e9 elementor-widget elementor-widget-text-editor\" data-id=\"22aa9e9\" data-element_type=\"widget\" data-e-type=\"widget\" data-widget_type=\"text-editor.default\">\n\t\t\t\t<div class=\"elementor-widget-container\">\n\t\t\t\t\t\t\t\t\t<h2><strong>Cord\u00f3n de Macram\u00e9: Todo lo que necesita saber<\/strong><\/h2><p>El macram\u00e9 ha resurgido como uno de los pasatiempos art\u00edsticos m\u00e1s populares, trayendo a la era moderna una artesan\u00eda vintage. La base de esta artesan\u00eda es un \u00fanico material esencial: el cord\u00f3n de macram\u00e9. Tanto si eres un principiante que anuda su primer colgante de pared como un artesano experimentado que crea intrincados colgadores de plantas y joyas, elegir y comprender el cord\u00f3n de macram\u00e9 es fundamental.<\/p>\t\t\t\t\t\t\t\t<\/div>\n\t\t\t\t<\/div>\n\t\t\t\t\t<\/div>\n\t\t\t\t<\/div>\n\t\t<div class=\"elementor-element elementor-element-cc9e3de e-flex e-con-boxed e-con e-parent\" data-id=\"cc9e3de\" data-element_type=\"container\" data-e-type=\"container\">\n\t\t\t\t\t<div class=\"e-con-inner\">\n\t\t\t\t<div class=\"elementor-element elementor-element-a3ff01d elementor-widget elementor-widget-text-editor\" data-id=\"a3ff01d\" data-element_type=\"widget\" data-e-type=\"widget\" data-widget_type=\"text-editor.default\">\n\t\t\t\t<div class=\"elementor-widget-container\">\n\t\t\t\t\t\t\t\t\t<h2><strong>\u00bfQu\u00e9 es el cord\u00f3n de macram\u00e9?<\/strong><\/h2><p><strong>Cord\u00f3n de macram\u00e9<\/strong> se refiere al cordel, cuerda o hilo utilizado para crear proyectos de macram\u00e9. A diferencia del hilo normal, la cuerda de macram\u00e9 es m\u00e1s gruesa, resistente y est\u00e1 dise\u00f1ada para t\u00e9cnicas de anudado.<\/p><ul><li><strong>Grosor:<\/strong> Var\u00eda entre 1 mm (para joyas delicadas) y 10 mm (para grandes tapices).\u00a0 <a href=\"https:\/\/beadyarn.com\/es\/product\/macrame-cord-3-mm\/\"><strong>Cord\u00f3n de macram\u00e9 3 MM<\/strong><\/a>, <a href=\"https:\/\/beadyarn.com\/es\/product\/macrame-cord-4-mm-remix\/\"><strong>Cord\u00f3n de macram\u00e9 4 MM Remix<\/strong><\/a><\/li><li><strong>Estructura:<\/strong> Los cordones pueden ser de una sola hebra, trenzados o retorcidos, cada uno con cualidades \u00fanicas de manejo y acabado.<\/li><\/ul>\t\t\t\t\t\t\t\t<\/div>\n\t\t\t\t<\/div>\n\t\t\t\t\t<\/div>\n\t\t\t\t<\/div>\n\t\t<div class=\"elementor-element elementor-element-1f46b70 e-flex e-con-boxed e-con e-parent\" data-id=\"1f46b70\" data-element_type=\"container\" data-e-type=\"container\">\n\t\t\t\t\t<div class=\"e-con-inner\">\n\t\t\t\t<div class=\"elementor-element elementor-element-23cdcfa elementor-widget elementor-widget-text-editor\" data-id=\"23cdcfa\" data-element_type=\"widget\" data-e-type=\"widget\" data-widget_type=\"text-editor.default\">\n\t\t\t\t<div class=\"elementor-widget-container\">\n\t\t\t\t\t\t\t\t\t<p><strong>Cord\u00f3n de macram\u00e9<\/strong> es m\u00e1s que un simple cordel: es la base de cada nudo, patr\u00f3n y obra de arte que crees. Si conoces los tipos de cordones, sabes elegir el adecuado y dominas las t\u00e9cnicas esenciales, podr\u00e1s sumergirte con confianza en proyectos de macram\u00e9 funcionales y decorativos.<\/p><p>Tanto si se trata de un simple colgador de plantas como de un elaborado tapiz de pared, la elecci\u00f3n del cord\u00f3n determina el resultado. Invierte en los materiales adecuados, practica tus nudos y pronto estar\u00e1s creando piezas artesanales atemporales que a\u00f1aden belleza y personalidad a cualquier espacio.<\/p>\t\t\t\t\t\t\t\t<\/div>\n\t\t\t\t<\/div>\n\t\t\t\t\t<\/div>\n\t\t\t\t<\/div>\n\t\t<div class=\"elementor-element elementor-element-6ca3814 e-flex e-con-boxed e-con e-parent\" data-id=\"6ca3814\" data-element_type=\"container\" data-e-type=\"container\">\n\t\t\t\t\t<div class=\"e-con-inner\">\n\t\t\t\t<div class=\"elementor-element elementor-element-df3acd6 elementor-widget elementor-widget-n-accordion\" data-id=\"df3acd6\" data-element_type=\"widget\" data-e-type=\"widget\" data-settings=\"{&quot;default_state&quot;:&quot;expanded&quot;,&quot;max_items_expended&quot;:&quot;one&quot;,&quot;n_accordion_animation_duration&quot;:{&quot;unit&quot;:&quot;ms&quot;,&quot;size&quot;:400,&quot;sizes&quot;:[]}}\" data-widget_type=\"nested-accordion.default\">\n\t\t\t\t<div class=\"elementor-widget-container\">\n\t\t\t\t\t\t\t<div class=\"e-n-accordion\" aria-label=\"Acorde\u00f3n. Abra los enlaces con Intro o Espacio, ci\u00e9rrelos con Escape y navegue con las teclas de flecha.\">\n\t\t\t\t\t\t<details id=\"e-n-accordion-item-2340\" class=\"e-n-accordion-item\" open>\n\t\t\t\t<summary class=\"e-n-accordion-item-title\" data-accordion-index=\"1\" tabindex=\"0\" aria-expanded=\"true\" aria-controls=\"e-n-accordion-item-2340\" >\n\t\t\t\t\t<span class='e-n-accordion-item-title-header'><div class=\"e-n-accordion-item-title-text\"> \u00bfCu\u00e1l es el mejor cord\u00f3n de macram\u00e9 para principiantes? <\/div><\/span>\n\t\t\t\t\t\t\t<span class='e-n-accordion-item-title-icon'>\n\t\t\t<span class='e-opened' ><svg aria-hidden=\"true\" class=\"e-font-icon-svg e-fas-minus\" viewbox=\"0 0 448 512\" xmlns=\"http:\/\/www.w3.org\/2000\/svg\"><path d=\"M416 208H32c-17.67 0-32 14.33-32 32v32c0 17.67 14.33 32 32 32h384c17.67 0 32-14.33 32-32v-32c0-17.67-14.33-32-32-32z\"><\/path><\/svg><\/span>\n\t\t\t<span class='e-closed'><svg aria-hidden=\"true\" class=\"e-font-icon-svg e-fas-plus\" viewbox=\"0 0 448 512\" xmlns=\"http:\/\/www.w3.org\/2000\/svg\"><path d=\"M416 208H272V64c0-17.67-14.33-32-32-32h-32c-17.67 0-32 14.33-32 32v144H32c-17.67 0-32 14.33-32 32v32c0 17.67 14.33 32 32 32h144v144c0 17.67 14.33 32 32 32h32c17.67 0 32-14.33 32-32V304h144c17.67 0 32-14.33 32-32v-32c0-17.67-14.33-32-32-32z\"><\/path><\/svg><\/span>\n\t\t<\/span>\n\n\t\t\t\t\t\t<\/summary>\n\t\t\t\t<div role=\"region\" aria-labelledby=\"e-n-accordion-item-2340\" class=\"elementor-element elementor-element-39625d1 e-con-full e-flex e-con e-child\" data-id=\"39625d1\" data-element_type=\"container\" data-e-type=\"container\">\n\t\t\t\t<div class=\"elementor-element elementor-element-a6d7e0f elementor-widget elementor-widget-text-editor\" data-id=\"a6d7e0f\" data-element_type=\"widget\" data-e-type=\"widget\" data-widget_type=\"text-editor.default\">\n\t\t\t\t<div class=\"elementor-widget-container\">\n\t\t\t\t\t\t\t\t\tEl cord\u00f3n de algod\u00f3n suave de una sola hebra (3-4 mm) es m\u00e1s f\u00e1cil de trabajar y perdona los errores.\t\t\t\t\t\t\t\t<\/div>\n\t\t\t\t<\/div>\n\t\t\t\t<\/div>\n\t\t\t\t\t<\/details>\n\t\t\t\t\t\t<details id=\"e-n-accordion-item-2341\" class=\"e-n-accordion-item\" >\n\t\t\t\t<summary class=\"e-n-accordion-item-title\" data-accordion-index=\"2\" tabindex=\"-1\" aria-expanded=\"false\" aria-controls=\"e-n-accordion-item-2341\" >\n\t\t\t\t\t<span class='e-n-accordion-item-title-header'><div class=\"e-n-accordion-item-title-text\"> \u00bfPuedo utilizar hilo en lugar de cuerda de macram\u00e9? <\/div><\/span>\n\t\t\t\t\t\t\t<span class='e-n-accordion-item-title-icon'>\n\t\t\t<span class='e-opened' ><svg aria-hidden=\"true\" class=\"e-font-icon-svg e-fas-minus\" viewbox=\"0 0 448 512\" xmlns=\"http:\/\/www.w3.org\/2000\/svg\"><path d=\"M416 208H32c-17.67 0-32 14.33-32 32v32c0 17.67 14.33 32 32 32h384c17.67 0 32-14.33 32-32v-32c0-17.67-14.33-32-32-32z\"><\/path><\/svg><\/span>\n\t\t\t<span class='e-closed'><svg aria-hidden=\"true\" class=\"e-font-icon-svg e-fas-plus\" viewbox=\"0 0 448 512\" xmlns=\"http:\/\/www.w3.org\/2000\/svg\"><path d=\"M416 208H272V64c0-17.67-14.33-32-32-32h-32c-17.67 0-32 14.33-32 32v144H32c-17.67 0-32 14.33-32 32v32c0 17.67 14.33 32 32 32h144v144c0 17.67 14.33 32 32 32h32c17.67 0 32-14.33 32-32V304h144c17.67 0 32-14.33 32-32v-32c0-17.67-14.33-32-32-32z\"><\/path><\/svg><\/span>\n\t\t<\/span>\n\n\t\t\t\t\t\t<\/summary>\n\t\t\t\t<div role=\"region\" aria-labelledby=\"e-n-accordion-item-2341\" class=\"elementor-element elementor-element-15a655e e-con-full e-flex e-con e-child\" data-id=\"15a655e\" data-element_type=\"container\" data-e-type=\"container\">\n\t\t\t\t<div class=\"elementor-element elementor-element-9f5deeb elementor-widget elementor-widget-text-editor\" data-id=\"9f5deeb\" data-element_type=\"widget\" data-e-type=\"widget\" data-widget_type=\"text-editor.default\">\n\t\t\t\t<div class=\"elementor-widget-container\">\n\t\t\t\t\t\t\t\t\tS\u00ed, pero es posible que el hilo no sujete los nudos con la misma firmeza. Utilice hilos m\u00e1s gruesos para obtener mejores resultados.\t\t\t\t\t\t\t\t<\/div>\n\t\t\t\t<\/div>\n\t\t\t\t<\/div>\n\t\t\t\t\t<\/details>\n\t\t\t\t\t\t<details id=\"e-n-accordion-item-2342\" class=\"e-n-accordion-item\" >\n\t\t\t\t<summary class=\"e-n-accordion-item-title\" data-accordion-index=\"3\" tabindex=\"-1\" aria-expanded=\"false\" aria-controls=\"e-n-accordion-item-2342\" >\n\t\t\t\t\t<span class='e-n-accordion-item-title-header'><div class=\"e-n-accordion-item-title-text\"> \u00bfPuedo te\u00f1ir cord\u00f3n de macram\u00e9 en casa? <\/div><\/span>\n\t\t\t\t\t\t\t<span class='e-n-accordion-item-title-icon'>\n\t\t\t<span class='e-opened' ><svg aria-hidden=\"true\" class=\"e-font-icon-svg e-fas-minus\" viewbox=\"0 0 448 512\" xmlns=\"http:\/\/www.w3.org\/2000\/svg\"><path d=\"M416 208H32c-17.67 0-32 14.33-32 32v32c0 17.67 14.33 32 32 32h384c17.67 0 32-14.33 32-32v-32c0-17.67-14.33-32-32-32z\"><\/path><\/svg><\/span>\n\t\t\t<span class='e-closed'><svg aria-hidden=\"true\" class=\"e-font-icon-svg e-fas-plus\" viewbox=\"0 0 448 512\" xmlns=\"http:\/\/www.w3.org\/2000\/svg\"><path d=\"M416 208H272V64c0-17.67-14.33-32-32-32h-32c-17.67 0-32 14.33-32 32v144H32c-17.67 0-32 14.33-32 32v32c0 17.67 14.33 32 32 32h144v144c0 17.67 14.33 32 32 32h32c17.67 0 32-14.33 32-32V304h144c17.67 0 32-14.33 32-32v-32c0-17.67-14.33-32-32-32z\"><\/path><\/svg><\/span>\n\t\t<\/span>\n\n\t\t\t\t\t\t<\/summary>\n\t\t\t\t<div role=\"region\" aria-labelledby=\"e-n-accordion-item-2342\" class=\"elementor-element elementor-element-ad6fcf0 e-con-full e-flex e-con e-child\" data-id=\"ad6fcf0\" data-element_type=\"container\" data-e-type=\"container\">\n\t\t\t\t<div class=\"elementor-element elementor-element-7210e43 elementor-widget elementor-widget-text-editor\" data-id=\"7210e43\" data-element_type=\"widget\" data-e-type=\"widget\" data-widget_type=\"text-editor.default\">\n\t\t\t\t<div class=\"elementor-widget-container\">\n\t\t\t\t\t\t\t\t\tS\u00ed, los cordones de algod\u00f3n natural absorben bien el tinte. El tinte para tejidos o los tintes naturales como el t\u00e9 y la c\u00farcuma funcionan de maravilla.\t\t\t\t\t\t\t\t<\/div>\n\t\t\t\t<\/div>\n\t\t\t\t<\/div>\n\t\t\t\t\t<\/details>\n\t\t\t\t\t<\/div>\n\t\t\t\t\t\t<\/div>\n\t\t\t\t<\/div>\n\t\t\t\t\t<\/div>\n\t\t\t\t<\/div>\n\t\t<div class=\"elementor-element elementor-element-8525f9e e-flex e-con-boxed e-con e-parent\" data-id=\"8525f9e\" data-element_type=\"container\" data-e-type=\"container\">\n\t\t\t\t\t<div class=\"e-con-inner\">\n\t\t\t\t<div class=\"elementor-element elementor-element-4382b0f elementor-toc--minimized-on-tablet elementor-widget elementor-widget-table-of-contents\" data-id=\"4382b0f\" data-element_type=\"widget\" data-e-type=\"widget\" data-settings=\"{&quot;headings_by_tags&quot;:[&quot;h1&quot;,&quot;h2&quot;,&quot;h3&quot;,&quot;h4&quot;,&quot;h5&quot;,&quot;h6&quot;],&quot;exclude_headings_by_selector&quot;:[],&quot;no_headings_message&quot;:&quot;No headings were found on this page.&quot;,&quot;marker_view&quot;:&quot;numbers&quot;,&quot;minimize_box&quot;:&quot;yes&quot;,&quot;minimized_on&quot;:&quot;tablet&quot;,&quot;hierarchical_view&quot;:&quot;yes&quot;,&quot;min_height&quot;:{&quot;unit&quot;:&quot;px&quot;,&quot;size&quot;:&quot;&quot;,&quot;sizes&quot;:[]},&quot;min_height_tablet&quot;:{&quot;unit&quot;:&quot;px&quot;,&quot;size&quot;:&quot;&quot;,&quot;sizes&quot;:[]},&quot;min_height_mobile&quot;:{&quot;unit&quot;:&quot;px&quot;,&quot;size&quot;:&quot;&quot;,&quot;sizes&quot;:[]}}\" data-widget_type=\"table-of-contents.default\">\n\t\t\t\t<div class=\"elementor-widget-container\">\n\t\t\t\t\t\t\t\t\t<div class=\"elementor-toc__header\">\r\n\t\t\t\t\t\t<h4 class=\"elementor-toc__header-title\">\r\n\t\t\t\tP\u00e1gina de contenidos\t\t\t<\/h4>\r\n\t\t\t\t\t\t\t\t\t\t<div class=\"elementor-toc__toggle-button elementor-toc__toggle-button--expand\" role=\"button\" tabindex=\"0\" aria-controls=\"elementor-toc__4382b0f\" aria-expanded=\"true\" aria-label=\"Ouvrir la table des mati\u00e8res\" data-no-translation-aria-label=\"\"><svg aria-hidden=\"true\" class=\"e-font-icon-svg e-fas-chevron-down\" viewbox=\"0 0 448 512\" xmlns=\"http:\/\/www.w3.org\/2000\/svg\"><path d=\"M207.029 381.476L12.686 187.132c-9.373-9.373-9.373-24.569 0-33.941l22.667-22.667c9.357-9.357 24.522-9.375 33.901-.04L224 284.505l154.745-154.021c9.379-9.335 24.544-9.317 33.901.04l22.667 22.667c9.373 9.373 9.373 24.569 0 33.941L240.971 381.476c-9.373 9.372-24.569 9.372-33.942 0z\"><\/path><\/svg><\/div>\r\n\t\t\t\t<div class=\"elementor-toc__toggle-button elementor-toc__toggle-button--collapse\" role=\"button\" tabindex=\"0\" aria-controls=\"elementor-toc__4382b0f\" aria-expanded=\"true\" aria-label=\"Fermer la table des mati\u00e8res\" data-no-translation-aria-label=\"\"><svg aria-hidden=\"true\" class=\"e-font-icon-svg e-fas-chevron-up\" viewbox=\"0 0 448 512\" xmlns=\"http:\/\/www.w3.org\/2000\/svg\"><path d=\"M240.971 130.524l194.343 194.343c9.373 9.373 9.373 24.569 0 33.941l-22.667 22.667c-9.357 9.357-24.522 9.375-33.901.04L224 227.495 69.255 381.516c-9.379 9.335-24.544 9.317-33.901-.04l-22.667-22.667c-9.373-9.373-9.373-24.569 0-33.941L207.03 130.525c9.372-9.373 24.568-9.373 33.941-.001z\"><\/path><\/svg><\/div>\r\n\t\t\t\t\t<\/div>\r\n\t\t\t\t<div id=\"elementor-toc__4382b0f\" class=\"elementor-toc__body\">\r\n\t\t\t<div class=\"elementor-toc__spinner-container\">\r\n\t\t\t\t<svg class=\"elementor-toc__spinner eicon-animation-spin e-font-icon-svg e-eicon-loading\" aria-hidden=\"true\" viewbox=\"0 0 1000 1000\" xmlns=\"http:\/\/www.w3.org\/2000\/svg\"><path d=\"M500 975V858C696 858 858 696 858 500S696 142 500 142 142 304 142 500H25C25 237 238 25 500 25S975 237 975 500 763 975 500 975Z\"><\/path><\/svg>\t\t\t<\/div>\r\n\t\t<\/div>\r\n\t\t\t\t\t\t<\/div>\n\t\t\t\t<\/div>\n\t\t\t\t\t<\/div>\n\t\t\t\t<\/div>\n\t\t\t\t<\/div>","protected":false},"excerpt":{"rendered":"<ul>\n<li><strong>80% Algod\u00f3n reciclado<\/strong><\/li>\n<li><strong>20% Poliester<\/strong><\/li>\n<li><strong>45 M \/ 49 YDS \/ 250 GR<\/strong><\/li>\n<\/ul>\n<p><span style=\"color: #ff0000;\"><strong>Cada caja contiene un total de 48 bobinas.<\/strong><\/span><\/p>","protected":false},"featured_media":7286,"comment_status":"closed","ping_status":"closed","template":"","meta":[],"product_brand":[277],"product_cat":[54],"product_tag":[],"class_list":{"0":"post-7285","1":"product","2":"type-product","3":"status-publish","4":"has-post-thumbnail","6":"product_brand-bead-yarn","7":"product_cat-macrame-cord-items","9":"first","10":"instock","11":"shipping-taxable","12":"purchasable","13":"product-type-variable","14":"has-default-attributes"},"_links":{"self":[{"href":"https:\/\/beadyarn.com\/es\/wp-json\/wp\/v2\/product\/7285","targetHints":{"allow":["GET"]}}],"collection":[{"href":"https:\/\/beadyarn.com\/es\/wp-json\/wp\/v2\/product"}],"about":[{"href":"https:\/\/beadyarn.com\/es\/wp-json\/wp\/v2\/types\/product"}],"replies":[{"embeddable":true,"href":"https:\/\/beadyarn.com\/es\/wp-json\/wp\/v2\/comments?post=7285"}],"version-history":[{"count":28,"href":"https:\/\/beadyarn.com\/es\/wp-json\/wp\/v2\/product\/7285\/revisions"}],"predecessor-version":[{"id":8699,"href":"https:\/\/beadyarn.com\/es\/wp-json\/wp\/v2\/product\/7285\/revisions\/8699"}],"wp:featuredmedia":[{"embeddable":true,"href":"https:\/\/beadyarn.com\/es\/wp-json\/wp\/v2\/media\/7286"}],"wp:attachment":[{"href":"https:\/\/beadyarn.com\/es\/wp-json\/wp\/v2\/media?parent=7285"}],"wp:term":[{"taxonomy":"product_brand","embeddable":true,"href":"https:\/\/beadyarn.com\/es\/wp-json\/wp\/v2\/product_brand?post=7285"},{"taxonomy":"product_cat","embeddable":true,"href":"https:\/\/beadyarn.com\/es\/wp-json\/wp\/v2\/product_cat?post=7285"},{"taxonomy":"product_tag","embeddable":true,"href":"https:\/\/beadyarn.com\/es\/wp-json\/wp\/v2\/product_tag?post=7285"}],"curies":[{"name":"wp","href":"https:\/\/api.w.org\/{rel}","templated":true}]}}