{"id":7722,"date":"2025-01-02T21:59:40","date_gmt":"2025-01-02T18:59:40","guid":{"rendered":"https:\/\/beadyarn.com\/?post_type=product&#038;p=7722"},"modified":"2025-04-21T13:00:02","modified_gmt":"2025-04-21T10:00:02","slug":"macrame-rope-4-mm","status":"publish","type":"product","link":"https:\/\/beadyarn.com\/es\/product\/macrame-rope-4-mm\/","title":{"rendered":"Cuerda de macram\u00e9 4 MM"},"content":{"rendered":"<p>La cuerda de macram\u00e9 de 4 mm es perfecta para tejer, hacer ganchillo, decoraci\u00f3n del hogar y accesorios. Beadyarn le ofrece en la propia colecci\u00f3n de colores una variedad de opciones de color. Hay aprox. 250 gr \/ 45 m de longitud. Contenido-100% Algod\u00f3n reciclado y su certificado inofensivo para la salud. Dependiendo de su preferencia puede utilizar 6-8 mm gancho de la aguja. \u00a1Feliz d\u00eda de tejer de antemano!<\/p>\n\n\n\n<p><\/p>","protected":false},"excerpt":{"rendered":"<ul>\n<li><strong>80% Algod\u00f3n Slim<\/strong><\/li>\n<li><strong>20% Poliester<\/strong><\/li>\n<li><strong>45 M \/ 49 YDS \/ 250 GR<\/strong><\/li>\n<\/ul>","protected":false},"featured_media":8385,"comment_status":"closed","ping_status":"closed","template":"","meta":[],"product_brand":[277],"product_cat":[57,54],"product_tag":[],"class_list":{"0":"post-7722","1":"product","2":"type-product","3":"status-publish","4":"has-post-thumbnail","6":"product_brand-bead-yarn","7":"product_cat-100-recycled-cotton","8":"product_cat-macrame-cord-items","10":"first","11":"instock","12":"shipping-taxable","13":"purchasable","14":"product-type-variable"},"_links":{"self":[{"href":"https:\/\/beadyarn.com\/es\/wp-json\/wp\/v2\/product\/7722","targetHints":{"allow":["GET"]}}],"collection":[{"href":"https:\/\/beadyarn.com\/es\/wp-json\/wp\/v2\/product"}],"about":[{"href":"https:\/\/beadyarn.com\/es\/wp-json\/wp\/v2\/types\/product"}],"replies":[{"embeddable":true,"href":"https:\/\/beadyarn.com\/es\/wp-json\/wp\/v2\/comments?post=7722"}],"version-history":[{"count":3,"href":"https:\/\/beadyarn.com\/es\/wp-json\/wp\/v2\/product\/7722\/revisions"}],"predecessor-version":[{"id":8455,"href":"https:\/\/beadyarn.com\/es\/wp-json\/wp\/v2\/product\/7722\/revisions\/8455"}],"wp:featuredmedia":[{"embeddable":true,"href":"https:\/\/beadyarn.com\/es\/wp-json\/wp\/v2\/media\/8385"}],"wp:attachment":[{"href":"https:\/\/beadyarn.com\/es\/wp-json\/wp\/v2\/media?parent=7722"}],"wp:term":[{"taxonomy":"product_brand","embeddable":true,"href":"https:\/\/beadyarn.com\/es\/wp-json\/wp\/v2\/product_brand?post=7722"},{"taxonomy":"product_cat","embeddable":true,"href":"https:\/\/beadyarn.com\/es\/wp-json\/wp\/v2\/product_cat?post=7722"},{"taxonomy":"product_tag","embeddable":true,"href":"https:\/\/beadyarn.com\/es\/wp-json\/wp\/v2\/product_tag?post=7722"}],"curies":[{"name":"wp","href":"https:\/\/api.w.org\/{rel}","templated":true}]}}