{"id":8048,"date":"2024-10-22T23:00:43","date_gmt":"2024-10-22T20:00:43","guid":{"rendered":"https:\/\/beadyarn.com\/?post_type=product&#038;p=8048"},"modified":"2025-04-21T13:00:05","modified_gmt":"2025-04-21T10:00:05","slug":"macrame-xxl","status":"publish","type":"product","link":"https:\/\/beadyarn.com\/es\/product\/macrame-xxl\/","title":{"rendered":"Macram\u00e9 XXL"},"content":{"rendered":"<p>Es la mejor opci\u00f3n para tejer accesorios, art\u00edculos de decoraci\u00f3n y otros proyectos de bricolaje.  Hay aprox. 250 gr\/ 90 m de longitud. Contenido-100% Algod\u00f3n reciclado y certificado como inofensivo para la salud. Dependiendo de tus preferencias, puedes utilizar un gancho de 6-8 mm. \u00a1Feliz d\u00eda de tejer por adelantado!<\/p>","protected":false},"excerpt":{"rendered":"<ul>\n<li><strong>80% Algod\u00f3n reciclado<\/strong><\/li>\n<li><strong>20% Poliester<\/strong><\/li>\n<li><strong>90 M \/ 98 YDS \/ 250 GR<\/strong><\/li>\n<\/ul>","protected":false},"featured_media":8085,"comment_status":"closed","ping_status":"closed","template":"","meta":[],"product_brand":[277],"product_cat":[57,54],"product_tag":[],"class_list":{"0":"post-8048","1":"product","2":"type-product","3":"status-publish","4":"has-post-thumbnail","6":"product_brand-bead-yarn","7":"product_cat-100-recycled-cotton","8":"product_cat-macrame-cord-items","10":"first","11":"instock","12":"shipping-taxable","13":"purchasable","14":"product-type-variable","15":"has-default-attributes"},"_links":{"self":[{"href":"https:\/\/beadyarn.com\/es\/wp-json\/wp\/v2\/product\/8048","targetHints":{"allow":["GET"]}}],"collection":[{"href":"https:\/\/beadyarn.com\/es\/wp-json\/wp\/v2\/product"}],"about":[{"href":"https:\/\/beadyarn.com\/es\/wp-json\/wp\/v2\/types\/product"}],"replies":[{"embeddable":true,"href":"https:\/\/beadyarn.com\/es\/wp-json\/wp\/v2\/comments?post=8048"}],"version-history":[{"count":1,"href":"https:\/\/beadyarn.com\/es\/wp-json\/wp\/v2\/product\/8048\/revisions"}],"predecessor-version":[{"id":8574,"href":"https:\/\/beadyarn.com\/es\/wp-json\/wp\/v2\/product\/8048\/revisions\/8574"}],"wp:featuredmedia":[{"embeddable":true,"href":"https:\/\/beadyarn.com\/es\/wp-json\/wp\/v2\/media\/8085"}],"wp:attachment":[{"href":"https:\/\/beadyarn.com\/es\/wp-json\/wp\/v2\/media?parent=8048"}],"wp:term":[{"taxonomy":"product_brand","embeddable":true,"href":"https:\/\/beadyarn.com\/es\/wp-json\/wp\/v2\/product_brand?post=8048"},{"taxonomy":"product_cat","embeddable":true,"href":"https:\/\/beadyarn.com\/es\/wp-json\/wp\/v2\/product_cat?post=8048"},{"taxonomy":"product_tag","embeddable":true,"href":"https:\/\/beadyarn.com\/es\/wp-json\/wp\/v2\/product_tag?post=8048"}],"curies":[{"name":"wp","href":"https:\/\/api.w.org\/{rel}","templated":true}]}}