{"id":8172,"date":"2025-01-02T22:13:37","date_gmt":"2025-01-02T19:13:37","guid":{"rendered":"https:\/\/beadyarn.com\/?post_type=product&#038;p=8172"},"modified":"2025-05-30T00:07:31","modified_gmt":"2025-05-29T21:07:31","slug":"macrame-slim-lurex","status":"publish","type":"product","link":"https:\/\/beadyarn.com\/es\/product\/macrame-slim-lurex\/","title":{"rendered":"Macram\u00e9 Slim Lurex"},"content":{"rendered":"<p>Hecho de algod\u00f3n reciclado. Es una bonita elecci\u00f3n para los proyectos de macram\u00e9 tejidos a mano. Hay aprox. 250 gr\/ 200 m de longitud. Contenido: 70% algod\u00f3n reciclado, 20% hilo met\u00e1lico, 10% poli\u00e9ster. Est\u00e1 certificado como inofensivo para la salud. Se recomienda utilizar un gancho de aguja de 4-5 mm. Beadyarn le ofrece en la propia colecci\u00f3n de colores una variedad de opciones de color.<\/p>","protected":false},"excerpt":{"rendered":"<ul>\n<li><strong>70% Algod\u00f3n reciclado<\/strong><\/li>\n<li><strong>20% Hilo met\u00e1lico<\/strong><\/li>\n<li><strong>10% Poliester<\/strong><\/li>\n<li><strong>200 M \/ 218 YDS \/ 250 GR<\/strong><\/li>\n<\/ul>","protected":false},"featured_media":8173,"comment_status":"closed","ping_status":"closed","template":"","meta":[],"product_brand":[277],"product_cat":[57,54],"product_tag":[],"class_list":{"0":"post-8172","1":"product","2":"type-product","3":"status-publish","4":"has-post-thumbnail","6":"product_brand-bead-yarn","7":"product_cat-100-recycled-cotton","8":"product_cat-macrame-cord-items","10":"first","11":"instock","12":"shipping-taxable","13":"purchasable","14":"product-type-simple"},"_links":{"self":[{"href":"https:\/\/beadyarn.com\/es\/wp-json\/wp\/v2\/product\/8172","targetHints":{"allow":["GET"]}}],"collection":[{"href":"https:\/\/beadyarn.com\/es\/wp-json\/wp\/v2\/product"}],"about":[{"href":"https:\/\/beadyarn.com\/es\/wp-json\/wp\/v2\/types\/product"}],"replies":[{"embeddable":true,"href":"https:\/\/beadyarn.com\/es\/wp-json\/wp\/v2\/comments?post=8172"}],"version-history":[{"count":3,"href":"https:\/\/beadyarn.com\/es\/wp-json\/wp\/v2\/product\/8172\/revisions"}],"predecessor-version":[{"id":8657,"href":"https:\/\/beadyarn.com\/es\/wp-json\/wp\/v2\/product\/8172\/revisions\/8657"}],"wp:featuredmedia":[{"embeddable":true,"href":"https:\/\/beadyarn.com\/es\/wp-json\/wp\/v2\/media\/8173"}],"wp:attachment":[{"href":"https:\/\/beadyarn.com\/es\/wp-json\/wp\/v2\/media?parent=8172"}],"wp:term":[{"taxonomy":"product_brand","embeddable":true,"href":"https:\/\/beadyarn.com\/es\/wp-json\/wp\/v2\/product_brand?post=8172"},{"taxonomy":"product_cat","embeddable":true,"href":"https:\/\/beadyarn.com\/es\/wp-json\/wp\/v2\/product_cat?post=8172"},{"taxonomy":"product_tag","embeddable":true,"href":"https:\/\/beadyarn.com\/es\/wp-json\/wp\/v2\/product_tag?post=8172"}],"curies":[{"name":"wp","href":"https:\/\/api.w.org\/{rel}","templated":true}]}}