{"id":1004,"date":"2020-10-09T13:39:05","date_gmt":"2020-10-09T13:39:05","guid":{"rendered":"http:\/\/shoptimizer.local\/?page_id=848"},"modified":"2025-05-27T13:43:03","modified_gmt":"2025-05-27T10:43:03","slug":"about-us","status":"publish","type":"page","link":"https:\/\/beadyarn.com\/fr\/about-us\/","title":{"rendered":"A propos de nous"},"content":{"rendered":"<h1>A propos de nous<\/h1>\n<h2>Nous sommes une marque n\u00e9e dans la nature. Il est temps de cr\u00e9er un nouveau sentiment.<\/h2>\n<h2>NOTRE HISTOIRE<\/h2>\n<p>Notre soci\u00e9t\u00e9 a \u00e9t\u00e9 cr\u00e9\u00e9e en 1998 dans le domaine du recyclage. Elle a cr\u00e9\u00e9 sa propre marque, BEADYARN, en 2015, et a commenc\u00e9 \u00e0 produire des fils \u00e0 tricoter \u00e0 la main \u00e0 Corlu Tekirdag.<\/p>\n<p>Notre objectif est de r\u00e9pondre aux demandes de nos clients, d'\u00e9largir la gamme de produits et de laisser un march\u00e9 dans l'industrie du fil en maintenant la plus haute qualit\u00e9.<\/p>\n<p>Dans un souci d'innovation, bead yarn actualise ses produits chaque saison avec une grande perspect\u0131ve.<\/p>\n<p>Nous fournissons en gros nos produits aux entreprises les plus importantes du monde, et nous exportons vers environ 40 pays.<\/p>\n<p>En tant que famille de fils de perles, nous sommes toujours ouverts aux nouvelles id\u00e9es et aux nouveaux projets, et nous nous soucions de vos demandes \u00e0 chaque fois. Vous pouvez nous contacter pour toutes vos demandes, conceptions, projets.<\/p>\n<p>Vous pouvez y d\u00e9couvrir \u00e0 votre service notre gamme de produits et de couleurs sur le site web.<\/p>\n<h3>\" MERCI D'AVOIR CHOISI LE FIL DE PERLES FIABLE, DE QUALIT\u00c9 ET D'ADRESSE CORRECTE ! \"<\/h3>\n\n\n<p><\/p>","protected":false},"excerpt":{"rendered":"<p>A propos de nous Nous sommes une marque n\u00e9e dans la nature. Il est temps de cr\u00e9er un nouveau sentiment. NOTRE HISTOIRE Notre soci\u00e9t\u00e9 a \u00e9t\u00e9 cr\u00e9\u00e9e en 1998, dans le domaine du recyclage. Elle a cr\u00e9\u00e9 sa propre marque, BEADYARN, en 2015, et a commenc\u00e9 \u00e0 produire des fils \u00e0 tricoter \u00e0 la main \u00e0 Corlu Tekirdag. Notre [...]<\/p>","protected":false},"author":1,"featured_media":0,"parent":0,"menu_order":0,"comment_status":"closed","ping_status":"closed","template":"template-fullwidth-no-heading.php","meta":{"footnotes":""},"class_list":["post-1004","page","type-page","status-publish","hentry"],"_links":{"self":[{"href":"https:\/\/beadyarn.com\/fr\/wp-json\/wp\/v2\/pages\/1004","targetHints":{"allow":["GET"]}}],"collection":[{"href":"https:\/\/beadyarn.com\/fr\/wp-json\/wp\/v2\/pages"}],"about":[{"href":"https:\/\/beadyarn.com\/fr\/wp-json\/wp\/v2\/types\/page"}],"author":[{"embeddable":true,"href":"https:\/\/beadyarn.com\/fr\/wp-json\/wp\/v2\/users\/1"}],"replies":[{"embeddable":true,"href":"https:\/\/beadyarn.com\/fr\/wp-json\/wp\/v2\/comments?post=1004"}],"version-history":[{"count":1,"href":"https:\/\/beadyarn.com\/fr\/wp-json\/wp\/v2\/pages\/1004\/revisions"}],"predecessor-version":[{"id":8621,"href":"https:\/\/beadyarn.com\/fr\/wp-json\/wp\/v2\/pages\/1004\/revisions\/8621"}],"wp:attachment":[{"href":"https:\/\/beadyarn.com\/fr\/wp-json\/wp\/v2\/media?parent=1004"}],"curies":[{"name":"wp","href":"https:\/\/api.w.org\/{rel}","templated":true}]}}