{"id":8229,"date":"2025-02-21T23:49:46","date_gmt":"2025-02-21T20:49:46","guid":{"rendered":"https:\/\/beadyarn.com\/?page_id=8229"},"modified":"2025-02-22T00:26:46","modified_gmt":"2025-02-21T21:26:46","slug":"privacy-policy","status":"publish","type":"page","link":"https:\/\/beadyarn.com\/fr\/privacy-policy\/","title":{"rendered":"Politique de confidentialit\u00e9"},"content":{"rendered":"<div class=\"cm_shortcode_container\" style=\"\"><h3 style=\"margin-left: 15px;\">Scripts<\/h3><div style=\"margin-left: 15px;\"><div><h4>Analyse<\/h4><\/div><ul><li><strong>Balise Google Ads<\/strong><p>Google AdSense permet aux sites web de gagner de l'argent en utilisant un outil d'affichage Google sur le site web pour h\u00e9berger des annonces tierces pertinentes pour leur public.<\/p><\/li><li><strong>Google Analytics<\/strong><p>Google Analytics vous permet de mesurer le retour sur investissement de votre publicit\u00e9 et de suivre vos sites et applications Flash, vid\u00e9o et de r\u00e9seaux sociaux.<\/p><\/li><\/ul><div><h4>Vid\u00e9os int\u00e9gr\u00e9es<\/h4><\/div><ul><li><strong>Int\u00e9gration dans Youtube<\/strong><p>Le contenu int\u00e9gr\u00e9 de YouTube est utilis\u00e9 pour afficher des vid\u00e9os YouTube sur ce site web. Les scripts YouTube peuvent collecter des donn\u00e9es sur les utilisateurs et sur la mani\u00e8re dont ils interagissent avec les vid\u00e9os.<\/p><\/li><\/ul><div><h4>N\u00e9cessaire<\/h4><\/div><ul><li><strong>Captcha de Google<\/strong><p>Une s\u00e9quence de lettres et\/ou de chiffres g\u00e9n\u00e9r\u00e9e de mani\u00e8re al\u00e9atoire qui appara\u00eet sous la forme d'une image d\u00e9form\u00e9e et d'une zone de texte.<\/p><\/li><\/ul><div><h4>Polices de caract\u00e8res Google<\/h4><\/div><ul><li><strong>Polices Google<\/strong><p>Google Fonts est une biblioth\u00e8que de services d'int\u00e9gration de polices de caract\u00e8res. Les polices de Google sont stock\u00e9es sur le CDN de Google. L'API Google Fonts est con\u00e7ue pour limiter la collecte, le stockage et l'utilisation des donn\u00e9es de l'utilisateur final au strict n\u00e9cessaire pour servir les polices de mani\u00e8re efficace. L'utilisation de l'API Google Fonts n'est pas authentifi\u00e9e. Aucun cookie n'est envoy\u00e9 par les visiteurs du site web \u00e0 l'API de Google Fonts. Les requ\u00eates adress\u00e9es \u00e0 l'API de Google Fonts sont envoy\u00e9es \u00e0 des domaines sp\u00e9cifiques, tels que fonts.googleapis.com ou fonts.gstatic.com. Cela signifie que vos demandes de polices sont distinctes et ne contiennent pas les informations d'identification que vous envoyez \u00e0 google.com lors de l'utilisation d'autres services Google authentifi\u00e9s, tels que Gmail.<\/p><\/li><\/ul><\/div><\/div>","protected":false},"excerpt":{"rendered":"","protected":false},"author":1,"featured_media":0,"parent":0,"menu_order":0,"comment_status":"closed","ping_status":"closed","template":"","meta":{"footnotes":""},"class_list":["post-8229","page","type-page","status-publish","hentry"],"_links":{"self":[{"href":"https:\/\/beadyarn.com\/fr\/wp-json\/wp\/v2\/pages\/8229","targetHints":{"allow":["GET"]}}],"collection":[{"href":"https:\/\/beadyarn.com\/fr\/wp-json\/wp\/v2\/pages"}],"about":[{"href":"https:\/\/beadyarn.com\/fr\/wp-json\/wp\/v2\/types\/page"}],"author":[{"embeddable":true,"href":"https:\/\/beadyarn.com\/fr\/wp-json\/wp\/v2\/users\/1"}],"replies":[{"embeddable":true,"href":"https:\/\/beadyarn.com\/fr\/wp-json\/wp\/v2\/comments?post=8229"}],"version-history":[{"count":7,"href":"https:\/\/beadyarn.com\/fr\/wp-json\/wp\/v2\/pages\/8229\/revisions"}],"predecessor-version":[{"id":8237,"href":"https:\/\/beadyarn.com\/fr\/wp-json\/wp\/v2\/pages\/8229\/revisions\/8237"}],"wp:attachment":[{"href":"https:\/\/beadyarn.com\/fr\/wp-json\/wp\/v2\/media?parent=8229"}],"curies":[{"name":"wp","href":"https:\/\/api.w.org\/{rel}","templated":true}]}}