{"id":7262,"date":"2024-09-28T22:31:12","date_gmt":"2024-09-28T22:31:12","guid":{"rendered":"https:\/\/beadyarn.com\/?post_type=product&#038;p=7262"},"modified":"2024-10-10T17:59:52","modified_gmt":"2024-10-10T14:59:52","slug":"diamond","status":"publish","type":"product","link":"https:\/\/beadyarn.com\/fr\/product\/diamond\/","title":{"rendered":"Diamant"},"content":{"rendered":"<div data-elementor-type=\"product-post\" data-elementor-id=\"7262\" class=\"elementor elementor-7262\" data-elementor-post-type=\"product\">\n\t\t\t\t<div class=\"elementor-element elementor-element-07d244f e-flex e-con-boxed e-con e-parent\" data-id=\"07d244f\" data-element_type=\"container\" data-e-type=\"container\">\n\t\t\t\t\t<div class=\"e-con-inner\">\n\t\t\t\t<div class=\"elementor-element elementor-element-0efca3a elementor-widget elementor-widget-text-editor\" data-id=\"0efca3a\" data-element_type=\"widget\" data-e-type=\"widget\" data-widget_type=\"text-editor.default\">\n\t\t\t\t<div class=\"elementor-widget-container\">\n\t\t\t\t\t\t\t\t\t<p>Fabriqu\u00e9 en 50% Acrylique, 50% Coton. Le fil diamant est la meilleure qualit\u00e9 pour les v\u00eatements, les chaussettes... gr\u00e2ce \u00e0 sa finesse et sa douceur. Beadyarn vous offre une grande vari\u00e9t\u00e9 de couleurs dans sa propre collection. Il y a environ 250 gr\/ 1000 m de longueur. Selon vos pr\u00e9f\u00e9rences, vous pouvez utiliser un crochet de 3 \u00e0 3,5 mm. D'avance, bonne journ\u00e9e de tricot !<\/p>\t\t\t\t\t\t\t\t<\/div>\n\t\t\t\t<\/div>\n\t\t\t\t\t<\/div>\n\t\t\t\t<\/div>\n\t\t\t\t<\/div>","protected":false},"excerpt":{"rendered":"<ul>\n<li><strong>50% Acrylique<\/strong><\/li>\n<li><strong>50% Coton<\/strong><\/li>\n<li><strong>1000 MT \/ 1093 YDS \/ 250 GR<\/strong><\/li>\n<\/ul>\n<p><span style=\"color: #ff0000;\"><strong>Chaque bo\u00eete contient un total de 20 bobines.<\/strong><\/span><\/p>","protected":false},"featured_media":7544,"comment_status":"closed","ping_status":"closed","template":"","meta":[],"product_brand":[],"product_cat":[56],"product_tag":[],"class_list":{"0":"post-7262","1":"product","2":"type-product","3":"status-publish","4":"has-post-thumbnail","6":"product_cat-acrylic-cotton","8":"first","9":"instock","10":"shipping-taxable","11":"purchasable","12":"product-type-variable","13":"has-default-attributes"},"_links":{"self":[{"href":"https:\/\/beadyarn.com\/fr\/wp-json\/wp\/v2\/product\/7262","targetHints":{"allow":["GET"]}}],"collection":[{"href":"https:\/\/beadyarn.com\/fr\/wp-json\/wp\/v2\/product"}],"about":[{"href":"https:\/\/beadyarn.com\/fr\/wp-json\/wp\/v2\/types\/product"}],"replies":[{"embeddable":true,"href":"https:\/\/beadyarn.com\/fr\/wp-json\/wp\/v2\/comments?post=7262"}],"version-history":[{"count":0,"href":"https:\/\/beadyarn.com\/fr\/wp-json\/wp\/v2\/product\/7262\/revisions"}],"wp:featuredmedia":[{"embeddable":true,"href":"https:\/\/beadyarn.com\/fr\/wp-json\/wp\/v2\/media\/7544"}],"wp:attachment":[{"href":"https:\/\/beadyarn.com\/fr\/wp-json\/wp\/v2\/media?parent=7262"}],"wp:term":[{"taxonomy":"product_brand","embeddable":true,"href":"https:\/\/beadyarn.com\/fr\/wp-json\/wp\/v2\/product_brand?post=7262"},{"taxonomy":"product_cat","embeddable":true,"href":"https:\/\/beadyarn.com\/fr\/wp-json\/wp\/v2\/product_cat?post=7262"},{"taxonomy":"product_tag","embeddable":true,"href":"https:\/\/beadyarn.com\/fr\/wp-json\/wp\/v2\/product_tag?post=7262"}],"curies":[{"name":"wp","href":"https:\/\/api.w.org\/{rel}","templated":true}]}}