{"id":7300,"date":"2024-09-29T23:55:41","date_gmt":"2024-09-29T23:55:41","guid":{"rendered":"https:\/\/beadyarn.com\/?post_type=product&#038;p=7300"},"modified":"2025-12-08T01:50:30","modified_gmt":"2025-12-07T22:50:30","slug":"t-shirt-yarn","status":"publish","type":"product","link":"https:\/\/beadyarn.com\/fr\/product\/t-shirt-yarn\/","title":{"rendered":"Fil pour T-shirts"},"content":{"rendered":"<div data-elementor-type=\"product-post\" data-elementor-id=\"7300\" class=\"elementor elementor-7300\" data-elementor-post-type=\"product\">\n\t\t\t\t<div class=\"elementor-element elementor-element-5ef4c9b e-flex e-con-boxed e-con e-parent\" data-id=\"5ef4c9b\" data-element_type=\"container\" data-e-type=\"container\">\n\t\t\t\t\t<div class=\"e-con-inner\">\n\t\t\t\t<div class=\"elementor-element elementor-element-805748c elementor-widget elementor-widget-heading\" data-id=\"805748c\" data-element_type=\"widget\" data-e-type=\"widget\" data-widget_type=\"heading.default\">\n\t\t\t\t<div class=\"elementor-widget-container\">\n\t\t\t\t\t<h2 class=\"elementor-heading-title elementor-size-default\">Questions<\/h2>\t\t\t\t<\/div>\n\t\t\t\t<\/div>\n\t\t\t\t<div class=\"elementor-element elementor-element-0684c58 elementor-widget elementor-widget-n-accordion\" data-id=\"0684c58\" data-element_type=\"widget\" data-e-type=\"widget\" data-settings=\"{&quot;default_state&quot;:&quot;expanded&quot;,&quot;max_items_expended&quot;:&quot;one&quot;,&quot;n_accordion_animation_duration&quot;:{&quot;unit&quot;:&quot;ms&quot;,&quot;size&quot;:400,&quot;sizes&quot;:[]}}\" data-widget_type=\"nested-accordion.default\">\n\t\t\t\t<div class=\"elementor-widget-container\">\n\t\t\t\t\t\t\t<div class=\"e-n-accordion\" aria-label=\"Accord\u00e9on. Ouvrez les liens avec Enter ou Space, fermez-les avec Escape et naviguez avec les touches fl\u00e9ch\u00e9es.\">\n\t\t\t\t\t\t<details id=\"e-n-accordion-item-6830\" class=\"e-n-accordion-item\" open>\n\t\t\t\t<summary class=\"e-n-accordion-item-title\" data-accordion-index=\"1\" tabindex=\"0\" aria-expanded=\"true\" aria-controls=\"e-n-accordion-item-6830\" >\n\t\t\t\t\t<span class='e-n-accordion-item-title-header'><h2 class=\"e-n-accordion-item-title-text\"> Qu'est-ce que le fil pour T-shirt ? <\/h2><\/span>\n\t\t\t\t\t\t\t<span class='e-n-accordion-item-title-icon'>\n\t\t\t<span class='e-opened' ><svg aria-hidden=\"true\" class=\"e-font-icon-svg e-fas-minus\" viewbox=\"0 0 448 512\" xmlns=\"http:\/\/www.w3.org\/2000\/svg\"><path d=\"M416 208H32c-17.67 0-32 14.33-32 32v32c0 17.67 14.33 32 32 32h384c17.67 0 32-14.33 32-32v-32c0-17.67-14.33-32-32-32z\"><\/path><\/svg><\/span>\n\t\t\t<span class='e-closed'><svg aria-hidden=\"true\" class=\"e-font-icon-svg e-fas-plus\" viewbox=\"0 0 448 512\" xmlns=\"http:\/\/www.w3.org\/2000\/svg\"><path d=\"M416 208H272V64c0-17.67-14.33-32-32-32h-32c-17.67 0-32 14.33-32 32v144H32c-17.67 0-32 14.33-32 32v32c0 17.67 14.33 32 32 32h144v144c0 17.67 14.33 32 32 32h32c17.67 0 32-14.33 32-32V304h144c17.67 0 32-14.33 32-32v-32c0-17.67-14.33-32-32-32z\"><\/path><\/svg><\/span>\n\t\t<\/span>\n\n\t\t\t\t\t\t<\/summary>\n\t\t\t\t<div role=\"region\" aria-labelledby=\"e-n-accordion-item-6830\" class=\"elementor-element elementor-element-ac6602c e-con-full e-flex e-con e-child\" data-id=\"ac6602c\" data-element_type=\"container\" data-e-type=\"container\">\n\t\t\t\t<div class=\"elementor-element elementor-element-06d8115 elementor-widget elementor-widget-text-editor\" data-id=\"06d8115\" data-element_type=\"widget\" data-e-type=\"widget\" data-widget_type=\"text-editor.default\">\n\t\t\t\t<div class=\"elementor-widget-container\">\n\t\t\t\t\t\t\t\t\t<p><strong data-start=\"373\" data-end=\"389\">Fil pour t-shirt<\/strong> est un type de fil \u00e9pais et r\u00e9sistant fabriqu\u00e9 \u00e0 partir de tissus de coton recycl\u00e9s ou upcycl\u00e9s, souvent issus de vieux t-shirts ou de restes de textiles. Il est parfait pour les projets d'artisanat \u00e9cologiques tels que les tapis, les sacs, les paniers et la d\u00e9coration d'int\u00e9rieur.<\/p>\t\t\t\t\t\t\t\t<\/div>\n\t\t\t\t<\/div>\n\t\t\t\t<\/div>\n\t\t\t\t\t<\/details>\n\t\t\t\t\t\t<details id=\"e-n-accordion-item-6831\" class=\"e-n-accordion-item\" >\n\t\t\t\t<summary class=\"e-n-accordion-item-title\" data-accordion-index=\"2\" tabindex=\"-1\" aria-expanded=\"false\" aria-controls=\"e-n-accordion-item-6831\" >\n\t\t\t\t\t<span class='e-n-accordion-item-title-header'><h2 class=\"e-n-accordion-item-title-text\"> O\u00f9 puis-je acheter du fil pour t-shirt ? <\/h2><\/span>\n\t\t\t\t\t\t\t<span class='e-n-accordion-item-title-icon'>\n\t\t\t<span class='e-opened' ><svg aria-hidden=\"true\" class=\"e-font-icon-svg e-fas-minus\" viewbox=\"0 0 448 512\" xmlns=\"http:\/\/www.w3.org\/2000\/svg\"><path d=\"M416 208H32c-17.67 0-32 14.33-32 32v32c0 17.67 14.33 32 32 32h384c17.67 0 32-14.33 32-32v-32c0-17.67-14.33-32-32-32z\"><\/path><\/svg><\/span>\n\t\t\t<span class='e-closed'><svg aria-hidden=\"true\" class=\"e-font-icon-svg e-fas-plus\" viewbox=\"0 0 448 512\" xmlns=\"http:\/\/www.w3.org\/2000\/svg\"><path d=\"M416 208H272V64c0-17.67-14.33-32-32-32h-32c-17.67 0-32 14.33-32 32v144H32c-17.67 0-32 14.33-32 32v32c0 17.67 14.33 32 32 32h144v144c0 17.67 14.33 32 32 32h32c17.67 0 32-14.33 32-32V304h144c17.67 0 32-14.33 32-32v-32c0-17.67-14.33-32-32-32z\"><\/path><\/svg><\/span>\n\t\t<\/span>\n\n\t\t\t\t\t\t<\/summary>\n\t\t\t\t<div role=\"region\" aria-labelledby=\"e-n-accordion-item-6831\" class=\"elementor-element elementor-element-fd20495 e-con-full e-flex e-con e-child\" data-id=\"fd20495\" data-element_type=\"container\" data-e-type=\"container\">\n\t\t\t\t<div class=\"elementor-element elementor-element-9c19677 elementor-widget elementor-widget-text-editor\" data-id=\"9c19677\" data-element_type=\"widget\" data-e-type=\"widget\" data-widget_type=\"text-editor.default\">\n\t\t\t\t<div class=\"elementor-widget-container\">\n\t\t\t\t\t\t\t\t\t<h2>Bead Yarn T-Shirt Yarn - Une qualit\u00e9 de fil mondialement reconnue<\/h2>\n<p>Le fil Bead, produit par Murteks Textile, apporte une qualit\u00e9 exceptionnelle \u00e0 vos projets gr\u00e2ce \u00e0 son <strong>Fil pour t-shirt<\/strong>qui est appr\u00e9ci\u00e9 et utilis\u00e9 dans le monde entier. Fabriqu\u00e9 en 97% de coton et 3% de lycra, il offre une excellente flexibilit\u00e9 et une grande durabilit\u00e9. Qu'il s'agisse d'un usage professionnel ou d'un loisir, vous obtiendrez des r\u00e9sultats parfaits.<\/p>\n<h3>Sp\u00e9cifications techniques du fil pour t-shirt<\/h3>\n<p>Les <strong>Fil pour t-shirt<\/strong> de Bead Yarn est con\u00e7u avec le souci du d\u00e9tail. Ses caract\u00e9ristiques sont les suivantes :<\/p>\n<ul>\n<li>97% coton, 3% lycra<\/li>\n<li>100 m\u00e8tres (130 yards)<\/li>\n<li>450 grammes<\/li>\n<\/ul>\n<p>Ces caract\u00e9ristiques en font un outil id\u00e9al pour <strong>tricot, tissage<\/strong>et d'autres projets cr\u00e9atifs, offrant un \u00e9quilibre parfait pour une performance optimale.<\/p>\n<h4>Pour la flexibilit\u00e9 et la durabilit\u00e9 : Fil renforc\u00e9 de Lycra<\/h4>\n<p>Avec 3% lycra dans sa composition, ce fil apporte de l'\u00e9lasticit\u00e9, ce qui permet \u00e0 vos projets de conserver leur forme au fil du temps. C'est un avantage non n\u00e9gligeable, notamment pour <strong>v\u00eatements et accessoires<\/strong>. La texture souple et durable offre une qualit\u00e9 intemporelle \u00e0 vos cr\u00e9ations.<\/p>\n<h5>Projets cr\u00e9atifs avec le fil de perles Le fil de T-Shirt<\/h5>\n<p>Que vous soyez une d\u00e9butante en tricot ou une cr\u00e9atrice exp\u00e9riment\u00e9e, le fil pour T-shirt convient \u00e0 tous les niveaux de comp\u00e9tence. Avec Bead Yarn, vous pouvez cr\u00e9er <strong>sacs, tapis, accessoires d\u00e9coratifs<\/strong>et bien d'autres projets cr\u00e9atifs. La teneur en coton 97% conf\u00e8re \u00e0 vos projets un toucher doux et naturel.<\/p>\n<h6>Produits \u00e9cologiques avec le fil de perles<\/h6>\n<p>Chez Bead Yarn, nous privil\u00e9gions les processus de production respectueux de l'environnement. Nos produits sont <strong>recyclable<\/strong> et <strong>durable<\/strong>Le fil Bead Yarn est un fil de coton qui refl\u00e8te notre engagement en faveur de l'environnement. Si vous cherchez \u00e0 faire des choix \u00e9cologiques dans vos projets, le fil pour T-shirt de Bead Yarn est l'option parfaite.<\/p>\n<p>Pour plus d'informations, visitez le site : <a href=\"https:\/\/beadyarn.com\/fr\/product\/t-shirt-yarn\/\" target=\"_new\" rel=\"noopener\">Fil de perles T-Shirt Produit<\/a><\/p>\n<p>Contactez-nous pour toute question ou pour passer votre commande !<\/p>\t\t\t\t\t\t\t\t<\/div>\n\t\t\t\t<\/div>\n\t\t\t\t<\/div>\n\t\t\t\t\t<\/details>\n\t\t\t\t\t\t<details id=\"e-n-accordion-item-6832\" class=\"e-n-accordion-item\" >\n\t\t\t\t<summary class=\"e-n-accordion-item-title\" data-accordion-index=\"3\" tabindex=\"-1\" aria-expanded=\"false\" aria-controls=\"e-n-accordion-item-6832\" >\n\t\t\t\t\t<span class='e-n-accordion-item-title-header'><h2 class=\"e-n-accordion-item-title-text\"> Fil pour T-shirts en gros Turquie <\/h2><\/span>\n\t\t\t\t\t\t\t<span class='e-n-accordion-item-title-icon'>\n\t\t\t<span class='e-opened' ><svg aria-hidden=\"true\" class=\"e-font-icon-svg e-fas-minus\" viewbox=\"0 0 448 512\" xmlns=\"http:\/\/www.w3.org\/2000\/svg\"><path d=\"M416 208H32c-17.67 0-32 14.33-32 32v32c0 17.67 14.33 32 32 32h384c17.67 0 32-14.33 32-32v-32c0-17.67-14.33-32-32-32z\"><\/path><\/svg><\/span>\n\t\t\t<span class='e-closed'><svg aria-hidden=\"true\" class=\"e-font-icon-svg e-fas-plus\" viewbox=\"0 0 448 512\" xmlns=\"http:\/\/www.w3.org\/2000\/svg\"><path d=\"M416 208H272V64c0-17.67-14.33-32-32-32h-32c-17.67 0-32 14.33-32 32v144H32c-17.67 0-32 14.33-32 32v32c0 17.67 14.33 32 32 32h144v144c0 17.67 14.33 32 32 32h32c17.67 0 32-14.33 32-32V304h144c17.67 0 32-14.33 32-32v-32c0-17.67-14.33-32-32-32z\"><\/path><\/svg><\/span>\n\t\t<\/span>\n\n\t\t\t\t\t\t<\/summary>\n\t\t\t\t<div role=\"region\" aria-labelledby=\"e-n-accordion-item-6832\" class=\"elementor-element elementor-element-5470cbc e-con-full e-flex e-con e-child\" data-id=\"5470cbc\" data-element_type=\"container\" data-e-type=\"container\">\n\t\t\t\t<div class=\"elementor-element elementor-element-805dffa elementor-widget elementor-widget-text-editor\" data-id=\"805dffa\" data-element_type=\"widget\" data-e-type=\"widget\" data-widget_type=\"text-editor.default\">\n\t\t\t\t<div class=\"elementor-widget-container\">\n\t\t\t\t\t\t\t\t\t<h2>T-Shirt en fil de perles en gros - T-Shirts de haute qualit\u00e9 pour les march\u00e9s mondiaux<\/h2>\n<p>Bead Yarn, une marque de Murteks Textile, n'excelle pas seulement dans la production de fils, mais propose \u00e9galement des produits de haute qualit\u00e9. <strong>T-shirts en gros<\/strong> pour les entreprises du monde entier. Gr\u00e2ce \u00e0 notre engagement en faveur de mat\u00e9riaux et d'un savoir-faire de qualit\u00e9 sup\u00e9rieure, nous fournissons des T-shirts qui r\u00e9pondent aux besoins des magasins de d\u00e9tail, des entreprises et des services d'impression personnalis\u00e9s.<\/p>\n<h3>Pourquoi choisir Bead Yarn pour la vente en gros de t-shirts ?<\/h3>\n<p>Lorsqu'il s'agit de <strong>T-shirt en gros<\/strong>Bead Yarn se distingue par la qualit\u00e9 de ses tissus et ses prix comp\u00e9titifs. Nos T-shirts sont fabriqu\u00e9s \u00e0 partir d'un m\u00e9lange de coton 97% et de lycra 3%, ce qui garantit un toucher doux, de la souplesse et de la durabilit\u00e9. Ces caract\u00e9ristiques les rendent parfaits pour une utilisation quotidienne ou sp\u00e9cialis\u00e9e.<\/p>\n<h4>Des t-shirts polyvalents pour tous les besoins de votre entreprise<\/h4>\n<p>Que vous soyez dans le <strong>industrie de la mode<\/strong>, <strong>impression personnalis\u00e9e<\/strong>ou <strong>v\u00eatements d'entreprise<\/strong>Nos T-shirts sont con\u00e7us pour r\u00e9pondre \u00e0 diverses exigences. Le m\u00e9lange de coton de haute qualit\u00e9 offre confort et respirabilit\u00e9, ce qui les rend id\u00e9aux pour \u00eatre port\u00e9s toute la journ\u00e9e. De plus, l'ajout de lycra leur permet de conserver leur forme, m\u00eame apr\u00e8s plusieurs lavages.<\/p>\n<h5>Options personnalisables pour les commandes en gros<\/h5>\n<p>Chez Bead Yarn, nous comprenons le besoin de personnalisation. Que vous souhaitiez commander des T-shirts simples pour <strong>l'image de marque<\/strong> ou souhaitez personnaliser votre commande avec des couleurs et des motifs sp\u00e9cifiques, nous proposons des solutions flexibles pour les commandes en gros. Nos T-shirts sont id\u00e9aux pour <strong>\u00e9v\u00e9nements promotionnels, magasins de d\u00e9tail ou marquage personnalis\u00e9<\/strong>.<\/p>\n<h6>Exp\u00e9dition \u00e0 l'\u00e9chelle mondiale et approvisionnement en gros fiable<\/h6>\n<p>Bead Yarn offre un service fiable <strong>Fourniture en gros de T-shirts<\/strong> aux entreprises du monde entier. Notre processus de production efficace nous permet de r\u00e9pondre \u00e0 des commandes importantes sans compromettre la qualit\u00e9. Avec <strong>options d'exp\u00e9dition globale<\/strong>En outre, nous veillons \u00e0 ce que vos commandes soient livr\u00e9es \u00e0 temps, o\u00f9 que vous soyez.<\/p>\n<p>Pour plus d'informations sur <strong>T-shirts en gros<\/strong>visitez notre site web : <a href=\"https:\/\/beadyarn.com\/fr\/\" target=\"_new\" rel=\"noopener\">Fil de perles en gros<\/a><\/p>\n<p>Contactez-nous d\u00e8s aujourd'hui pour discuter de vos besoins en mati\u00e8re de t-shirts en vrac !<\/p>\t\t\t\t\t\t\t\t<\/div>\n\t\t\t\t<\/div>\n\t\t\t\t<\/div>\n\t\t\t\t\t<\/details>\n\t\t\t\t\t\t<details id=\"e-n-accordion-item-6833\" class=\"e-n-accordion-item\" >\n\t\t\t\t<summary class=\"e-n-accordion-item-title\" data-accordion-index=\"4\" tabindex=\"-1\" aria-expanded=\"false\" aria-controls=\"e-n-accordion-item-6833\" >\n\t\t\t\t\t<span class='e-n-accordion-item-title-header'><h2 class=\"e-n-accordion-item-title-text\"> Que peut-on faire avec du fil de T-shirt ? <\/h2><\/span>\n\t\t\t\t\t\t\t<span class='e-n-accordion-item-title-icon'>\n\t\t\t<span class='e-opened' ><svg aria-hidden=\"true\" class=\"e-font-icon-svg e-fas-minus\" viewbox=\"0 0 448 512\" xmlns=\"http:\/\/www.w3.org\/2000\/svg\"><path d=\"M416 208H32c-17.67 0-32 14.33-32 32v32c0 17.67 14.33 32 32 32h384c17.67 0 32-14.33 32-32v-32c0-17.67-14.33-32-32-32z\"><\/path><\/svg><\/span>\n\t\t\t<span class='e-closed'><svg aria-hidden=\"true\" class=\"e-font-icon-svg e-fas-plus\" viewbox=\"0 0 448 512\" xmlns=\"http:\/\/www.w3.org\/2000\/svg\"><path d=\"M416 208H272V64c0-17.67-14.33-32-32-32h-32c-17.67 0-32 14.33-32 32v144H32c-17.67 0-32 14.33-32 32v32c0 17.67 14.33 32 32 32h144v144c0 17.67 14.33 32 32 32h32c17.67 0 32-14.33 32-32V304h144c17.67 0 32-14.33 32-32v-32c0-17.67-14.33-32-32-32z\"><\/path><\/svg><\/span>\n\t\t<\/span>\n\n\t\t\t\t\t\t<\/summary>\n\t\t\t\t<div role=\"region\" aria-labelledby=\"e-n-accordion-item-6833\" class=\"elementor-element elementor-element-a160102 e-con-full e-flex e-con e-child\" data-id=\"a160102\" data-element_type=\"container\" data-e-type=\"container\">\n\t\t\t\t<div class=\"elementor-element elementor-element-1943584 elementor-widget elementor-widget-text-editor\" data-id=\"1943584\" data-element_type=\"widget\" data-e-type=\"widget\" data-widget_type=\"text-editor.default\">\n\t\t\t\t<div class=\"elementor-widget-container\">\n\t\t\t\t\t\t\t\t\t<p class=\"\" data-start=\"1274\" data-end=\"1350\">Avec <strong data-start=\"1279\" data-end=\"1295\">Fil pour t-shirt<\/strong>Vous pouvez cr\u00e9er une vari\u00e9t\u00e9 d'objets faits \u00e0 la main, tels que.. :<\/p><ul data-start=\"1351\" data-end=\"1537\"><li class=\"\" data-start=\"1351\" data-end=\"1370\"><p class=\"\" data-start=\"1353\" data-end=\"1370\">Paniers au crochet<\/p><\/li><li class=\"\" data-start=\"1371\" data-end=\"1388\"><p class=\"\" data-start=\"1373\" data-end=\"1388\">Tapis et nattes<\/p><\/li><li class=\"\" data-start=\"1389\" data-end=\"1407\"><p class=\"\" data-start=\"1391\" data-end=\"1407\">Sacs et cabas<\/p><\/li><li class=\"\" data-start=\"1408\" data-end=\"1425\"><p class=\"\" data-start=\"1410\" data-end=\"1425\">Suspension de plantes<\/p><\/li><li class=\"\" data-start=\"1426\" data-end=\"1537\"><p class=\"\" data-start=\"1428\" data-end=\"1537\">Accessoires de d\u00e9coration<br data-start=\"1450\" data-end=\"1453\" \/>Son \u00e9paisseur et sa durabilit\u00e9 en font un outil id\u00e9al pour les d\u00e9butants comme pour les artisans confirm\u00e9s.<\/p><\/li><\/ul>\t\t\t\t\t\t\t\t<\/div>\n\t\t\t\t<\/div>\n\t\t\t\t<\/div>\n\t\t\t\t\t<\/details>\n\t\t\t\t\t\t<details id=\"e-n-accordion-item-6834\" class=\"e-n-accordion-item\" >\n\t\t\t\t<summary class=\"e-n-accordion-item-title\" data-accordion-index=\"5\" tabindex=\"-1\" aria-expanded=\"false\" aria-controls=\"e-n-accordion-item-6834\" >\n\t\t\t\t\t<span class='e-n-accordion-item-title-header'><h2 class=\"e-n-accordion-item-title-text\"> Quelle taille de crochet pour un fil de T-shirt ? <\/h2><\/span>\n\t\t\t\t\t\t\t<span class='e-n-accordion-item-title-icon'>\n\t\t\t<span class='e-opened' ><svg aria-hidden=\"true\" class=\"e-font-icon-svg e-fas-minus\" viewbox=\"0 0 448 512\" xmlns=\"http:\/\/www.w3.org\/2000\/svg\"><path d=\"M416 208H32c-17.67 0-32 14.33-32 32v32c0 17.67 14.33 32 32 32h384c17.67 0 32-14.33 32-32v-32c0-17.67-14.33-32-32-32z\"><\/path><\/svg><\/span>\n\t\t\t<span class='e-closed'><svg aria-hidden=\"true\" class=\"e-font-icon-svg e-fas-plus\" viewbox=\"0 0 448 512\" xmlns=\"http:\/\/www.w3.org\/2000\/svg\"><path d=\"M416 208H272V64c0-17.67-14.33-32-32-32h-32c-17.67 0-32 14.33-32 32v144H32c-17.67 0-32 14.33-32 32v32c0 17.67 14.33 32 32 32h144v144c0 17.67 14.33 32 32 32h32c17.67 0 32-14.33 32-32V304h144c17.67 0 32-14.33 32-32v-32c0-17.67-14.33-32-32-32z\"><\/path><\/svg><\/span>\n\t\t<\/span>\n\n\t\t\t\t\t\t<\/summary>\n\t\t\t\t<div role=\"region\" aria-labelledby=\"e-n-accordion-item-6834\" class=\"elementor-element elementor-element-80421be e-con-full e-flex e-con e-child\" data-id=\"80421be\" data-element_type=\"container\" data-e-type=\"container\">\n\t\t\t\t<div class=\"elementor-element elementor-element-6ef6dec elementor-widget elementor-widget-text-editor\" data-id=\"6ef6dec\" data-element_type=\"widget\" data-e-type=\"widget\" data-widget_type=\"text-editor.default\">\n\t\t\t\t<div class=\"elementor-widget-container\">\n\t\t\t\t\t\t\t\t\t<p>Pour la plupart des <a href=\"https:\/\/beadyarn.com\/fr\/product\/t-shirt-yarn\/\"><strong data-start=\"1603\" data-end=\"1619\">Fil pour t-shirt<\/strong><\/a> projets, un <strong data-start=\"1632\" data-end=\"1661\">Crochet de 10 \u00e0 15 mm<\/strong> est recommand\u00e9e. La taille exacte peut varier en fonction de l'\u00e9paisseur du fil et de la tension que vous pr\u00e9f\u00e9rez pour votre projet.<\/p>\t\t\t\t\t\t\t\t<\/div>\n\t\t\t\t<\/div>\n\t\t\t\t<\/div>\n\t\t\t\t\t<\/details>\n\t\t\t\t\t<\/div>\n\t\t\t\t\t\t<\/div>\n\t\t\t\t<\/div>\n\t\t\t\t\t<\/div>\n\t\t\t\t<\/div>\n\t\t<div class=\"elementor-element elementor-element-cfd146d e-flex e-con-boxed e-con e-parent\" data-id=\"cfd146d\" data-element_type=\"container\" data-e-type=\"container\">\n\t\t\t\t\t<div class=\"e-con-inner\">\n\t\t\t\t<div class=\"elementor-element elementor-element-13253d4 elementor-toc--minimized-on-tablet elementor-widget elementor-widget-table-of-contents\" data-id=\"13253d4\" data-element_type=\"widget\" data-e-type=\"widget\" data-settings=\"{&quot;exclude_headings_by_selector&quot;:[],&quot;no_headings_message&quot;:&quot;No headings were found on this page.&quot;,&quot;headings_by_tags&quot;:[&quot;h2&quot;,&quot;h3&quot;,&quot;h4&quot;,&quot;h5&quot;,&quot;h6&quot;],&quot;marker_view&quot;:&quot;numbers&quot;,&quot;minimize_box&quot;:&quot;yes&quot;,&quot;minimized_on&quot;:&quot;tablet&quot;,&quot;hierarchical_view&quot;:&quot;yes&quot;,&quot;min_height&quot;:{&quot;unit&quot;:&quot;px&quot;,&quot;size&quot;:&quot;&quot;,&quot;sizes&quot;:[]},&quot;min_height_tablet&quot;:{&quot;unit&quot;:&quot;px&quot;,&quot;size&quot;:&quot;&quot;,&quot;sizes&quot;:[]},&quot;min_height_mobile&quot;:{&quot;unit&quot;:&quot;px&quot;,&quot;size&quot;:&quot;&quot;,&quot;sizes&quot;:[]}}\" data-widget_type=\"table-of-contents.default\">\n\t\t\t\t<div class=\"elementor-widget-container\">\n\t\t\t\t\t\t\t\t\t<div class=\"elementor-toc__header\">\r\n\t\t\t\t\t\t<h4 class=\"elementor-toc__header-title\">\r\n\t\t\t\tT Shirt Yarn Wholesale Turkey - Murteks Textile - Fil de perles\t\t\t<\/h4>\r\n\t\t\t\t\t\t\t\t\t\t<div class=\"elementor-toc__toggle-button elementor-toc__toggle-button--expand\" role=\"button\" tabindex=\"0\" aria-controls=\"elementor-toc__13253d4\" aria-expanded=\"true\" aria-label=\"Ouvrir la table des mati\u00e8res\" data-no-translation-aria-label=\"\"><svg aria-hidden=\"true\" class=\"e-font-icon-svg e-fas-chevron-down\" viewbox=\"0 0 448 512\" xmlns=\"http:\/\/www.w3.org\/2000\/svg\"><path d=\"M207.029 381.476L12.686 187.132c-9.373-9.373-9.373-24.569 0-33.941l22.667-22.667c9.357-9.357 24.522-9.375 33.901-.04L224 284.505l154.745-154.021c9.379-9.335 24.544-9.317 33.901.04l22.667 22.667c9.373 9.373 9.373 24.569 0 33.941L240.971 381.476c-9.373 9.372-24.569 9.372-33.942 0z\"><\/path><\/svg><\/div>\r\n\t\t\t\t<div class=\"elementor-toc__toggle-button elementor-toc__toggle-button--collapse\" role=\"button\" tabindex=\"0\" aria-controls=\"elementor-toc__13253d4\" aria-expanded=\"true\" aria-label=\"Fermer la table des mati\u00e8res\" data-no-translation-aria-label=\"\"><svg aria-hidden=\"true\" class=\"e-font-icon-svg e-fas-chevron-up\" viewbox=\"0 0 448 512\" xmlns=\"http:\/\/www.w3.org\/2000\/svg\"><path d=\"M240.971 130.524l194.343 194.343c9.373 9.373 9.373 24.569 0 33.941l-22.667 22.667c-9.357 9.357-24.522 9.375-33.901.04L224 227.495 69.255 381.516c-9.379 9.335-24.544 9.317-33.901-.04l-22.667-22.667c-9.373-9.373-9.373-24.569 0-33.941L207.03 130.525c9.372-9.373 24.568-9.373 33.941-.001z\"><\/path><\/svg><\/div>\r\n\t\t\t\t\t<\/div>\r\n\t\t\t\t<div id=\"elementor-toc__13253d4\" class=\"elementor-toc__body\">\r\n\t\t\t<div class=\"elementor-toc__spinner-container\">\r\n\t\t\t\t<svg class=\"elementor-toc__spinner eicon-animation-spin e-font-icon-svg e-eicon-loading\" aria-hidden=\"true\" viewbox=\"0 0 1000 1000\" xmlns=\"http:\/\/www.w3.org\/2000\/svg\"><path d=\"M500 975V858C696 858 858 696 858 500S696 142 500 142 142 304 142 500H25C25 237 238 25 500 25S975 237 975 500 763 975 500 975Z\"><\/path><\/svg>\t\t\t<\/div>\r\n\t\t<\/div>\r\n\t\t\t\t\t\t<\/div>\n\t\t\t\t<\/div>\n\t\t\t\t\t<\/div>\n\t\t\t\t<\/div>\n\t\t\t\t<\/div>","protected":false},"excerpt":{"rendered":"<ul>\n<li><strong>97% Coton<\/strong><\/li>\n<li><strong>3% Lycra<\/strong><\/li>\n<li><strong>100 MT \/ 130 YDS \/ 450 GR<\/strong><\/li>\n<\/ul>\n<p><span style=\"color: #ff0000;\"><strong>Chaque bo\u00eete contient un total de 20 bobines.<\/strong><\/span><\/p>","protected":false},"featured_media":7882,"comment_status":"closed","ping_status":"closed","template":"","meta":[],"product_brand":[],"product_cat":[57],"product_tag":[],"class_list":{"0":"post-7300","1":"product","2":"type-product","3":"status-publish","4":"has-post-thumbnail","6":"product_cat-100-recycled-cotton","8":"first","9":"onbackorder","10":"shipping-taxable","11":"purchasable","12":"product-type-variable","13":"has-default-attributes"},"_links":{"self":[{"href":"https:\/\/beadyarn.com\/fr\/wp-json\/wp\/v2\/product\/7300","targetHints":{"allow":["GET"]}}],"collection":[{"href":"https:\/\/beadyarn.com\/fr\/wp-json\/wp\/v2\/product"}],"about":[{"href":"https:\/\/beadyarn.com\/fr\/wp-json\/wp\/v2\/types\/product"}],"replies":[{"embeddable":true,"href":"https:\/\/beadyarn.com\/fr\/wp-json\/wp\/v2\/comments?post=7300"}],"version-history":[{"count":36,"href":"https:\/\/beadyarn.com\/fr\/wp-json\/wp\/v2\/product\/7300\/revisions"}],"predecessor-version":[{"id":8595,"href":"https:\/\/beadyarn.com\/fr\/wp-json\/wp\/v2\/product\/7300\/revisions\/8595"}],"wp:featuredmedia":[{"embeddable":true,"href":"https:\/\/beadyarn.com\/fr\/wp-json\/wp\/v2\/media\/7882"}],"wp:attachment":[{"href":"https:\/\/beadyarn.com\/fr\/wp-json\/wp\/v2\/media?parent=7300"}],"wp:term":[{"taxonomy":"product_brand","embeddable":true,"href":"https:\/\/beadyarn.com\/fr\/wp-json\/wp\/v2\/product_brand?post=7300"},{"taxonomy":"product_cat","embeddable":true,"href":"https:\/\/beadyarn.com\/fr\/wp-json\/wp\/v2\/product_cat?post=7300"},{"taxonomy":"product_tag","embeddable":true,"href":"https:\/\/beadyarn.com\/fr\/wp-json\/wp\/v2\/product_tag?post=7300"}],"curies":[{"name":"wp","href":"https:\/\/api.w.org\/{rel}","templated":true}]}}