{"id":7722,"date":"2025-01-02T21:59:40","date_gmt":"2025-01-02T18:59:40","guid":{"rendered":"https:\/\/beadyarn.com\/?post_type=product&#038;p=7722"},"modified":"2025-04-21T13:00:02","modified_gmt":"2025-04-21T10:00:02","slug":"macrame-rope-4-mm","status":"publish","type":"product","link":"https:\/\/beadyarn.com\/fr\/product\/macrame-rope-4-mm\/","title":{"rendered":"Corde macram\u00e9 4 MM"},"content":{"rendered":"<p>La corde Macrame 4 mm- est parfaite pour le tricot, le crochet, la d\u00e9coration d'int\u00e9rieur et les accessoires. Beadyarn vous offre, dans sa propre collection de couleurs, une vari\u00e9t\u00e9 d'options de couleurs. Il y a environ 250 gr\/ 45 m de longueur. Contenu-100% Coton recycl\u00e9 et certifi\u00e9 sans danger pour la sant\u00e9. Selon vos pr\u00e9f\u00e9rences, vous pouvez utiliser un crochet de 6-8 mm. Bonne journ\u00e9e de tricot \u00e0 l'avance !<\/p>\n\n\n\n<p><\/p>","protected":false},"excerpt":{"rendered":"<ul>\n<li><strong>80% Coton Slim<\/strong><\/li>\n<li><strong>20% Poliester<\/strong><\/li>\n<li><strong>45 MT \/ 49 YDS \/ 250 GR<\/strong><\/li>\n<\/ul>","protected":false},"featured_media":8385,"comment_status":"closed","ping_status":"closed","template":"","meta":[],"product_brand":[277],"product_cat":[57,54],"product_tag":[],"class_list":{"0":"post-7722","1":"product","2":"type-product","3":"status-publish","4":"has-post-thumbnail","6":"product_brand-bead-yarn","7":"product_cat-100-recycled-cotton","8":"product_cat-macrame-cord-items","10":"first","11":"instock","12":"shipping-taxable","13":"purchasable","14":"product-type-variable"},"_links":{"self":[{"href":"https:\/\/beadyarn.com\/fr\/wp-json\/wp\/v2\/product\/7722","targetHints":{"allow":["GET"]}}],"collection":[{"href":"https:\/\/beadyarn.com\/fr\/wp-json\/wp\/v2\/product"}],"about":[{"href":"https:\/\/beadyarn.com\/fr\/wp-json\/wp\/v2\/types\/product"}],"replies":[{"embeddable":true,"href":"https:\/\/beadyarn.com\/fr\/wp-json\/wp\/v2\/comments?post=7722"}],"version-history":[{"count":3,"href":"https:\/\/beadyarn.com\/fr\/wp-json\/wp\/v2\/product\/7722\/revisions"}],"predecessor-version":[{"id":8455,"href":"https:\/\/beadyarn.com\/fr\/wp-json\/wp\/v2\/product\/7722\/revisions\/8455"}],"wp:featuredmedia":[{"embeddable":true,"href":"https:\/\/beadyarn.com\/fr\/wp-json\/wp\/v2\/media\/8385"}],"wp:attachment":[{"href":"https:\/\/beadyarn.com\/fr\/wp-json\/wp\/v2\/media?parent=7722"}],"wp:term":[{"taxonomy":"product_brand","embeddable":true,"href":"https:\/\/beadyarn.com\/fr\/wp-json\/wp\/v2\/product_brand?post=7722"},{"taxonomy":"product_cat","embeddable":true,"href":"https:\/\/beadyarn.com\/fr\/wp-json\/wp\/v2\/product_cat?post=7722"},{"taxonomy":"product_tag","embeddable":true,"href":"https:\/\/beadyarn.com\/fr\/wp-json\/wp\/v2\/product_tag?post=7722"}],"curies":[{"name":"wp","href":"https:\/\/api.w.org\/{rel}","templated":true}]}}