{"id":8141,"date":"2025-01-02T22:05:25","date_gmt":"2025-01-02T19:05:25","guid":{"rendered":"https:\/\/beadyarn.com\/?post_type=product&#038;p=8141"},"modified":"2025-01-02T22:05:40","modified_gmt":"2025-01-02T19:05:40","slug":"ribbon-polyester","status":"publish","type":"product","link":"https:\/\/beadyarn.com\/fr\/product\/ribbon-polyester\/","title":{"rendered":"Ruban Polyester"},"content":{"rendered":"<p>Fabriqu\u00e9 en 100%polyester. Il est parfait pour le tricot, le crochet, les paniers, les sacs, la d\u00e9coration d'int\u00e9rieur, les accessoires et plus encore. Beadyarn vous offre sur sa propre collection de couleurs une vari\u00e9t\u00e9 d'options de couleurs. Il y a environ 250 gr\/ 125 m de longueur. Il est certifi\u00e9 sans danger pour la sant\u00e9. Selon votre pr\u00e9f\u00e9rence, vous pouvez utiliser un crochet de 3-4 mm. Bonne journ\u00e9e de tricot !<\/p>","protected":false},"excerpt":{"rendered":"<ul>\n<li><strong>100% Poliester FDY<\/strong><\/li>\n<li><strong>125 MT \/ 131 YDS \/ 250 GR<\/strong><\/li>\n<\/ul>","protected":false},"featured_media":8142,"comment_status":"closed","ping_status":"closed","template":"","meta":[],"product_brand":[],"product_cat":[57],"product_tag":[],"class_list":{"0":"post-8141","1":"product","2":"type-product","3":"status-publish","4":"has-post-thumbnail","6":"product_cat-100-recycled-cotton","8":"first","9":"instock","10":"shipping-taxable","11":"purchasable","12":"product-type-simple"},"_links":{"self":[{"href":"https:\/\/beadyarn.com\/fr\/wp-json\/wp\/v2\/product\/8141","targetHints":{"allow":["GET"]}}],"collection":[{"href":"https:\/\/beadyarn.com\/fr\/wp-json\/wp\/v2\/product"}],"about":[{"href":"https:\/\/beadyarn.com\/fr\/wp-json\/wp\/v2\/types\/product"}],"replies":[{"embeddable":true,"href":"https:\/\/beadyarn.com\/fr\/wp-json\/wp\/v2\/comments?post=8141"}],"version-history":[{"count":0,"href":"https:\/\/beadyarn.com\/fr\/wp-json\/wp\/v2\/product\/8141\/revisions"}],"wp:featuredmedia":[{"embeddable":true,"href":"https:\/\/beadyarn.com\/fr\/wp-json\/wp\/v2\/media\/8142"}],"wp:attachment":[{"href":"https:\/\/beadyarn.com\/fr\/wp-json\/wp\/v2\/media?parent=8141"}],"wp:term":[{"taxonomy":"product_brand","embeddable":true,"href":"https:\/\/beadyarn.com\/fr\/wp-json\/wp\/v2\/product_brand?post=8141"},{"taxonomy":"product_cat","embeddable":true,"href":"https:\/\/beadyarn.com\/fr\/wp-json\/wp\/v2\/product_cat?post=8141"},{"taxonomy":"product_tag","embeddable":true,"href":"https:\/\/beadyarn.com\/fr\/wp-json\/wp\/v2\/product_tag?post=8141"}],"curies":[{"name":"wp","href":"https:\/\/api.w.org\/{rel}","templated":true}]}}