{"id":8158,"date":"2025-01-02T22:09:35","date_gmt":"2025-01-02T19:09:35","guid":{"rendered":"https:\/\/beadyarn.com\/?post_type=product&#038;p=8158"},"modified":"2025-04-21T13:00:00","modified_gmt":"2025-04-21T10:00:00","slug":"macrame-xxl-lurex","status":"publish","type":"product","link":"https:\/\/beadyarn.com\/it\/product\/macrame-xxl-lurex\/","title":{"rendered":"Macrame XXL Lurex"},"content":{"rendered":"<p>Filato XXL LUREX - realizzato con 100% riciclato - 70% cotone riciclato, 20% metallizzato, 10% poliestere. XXl Lurex colorer\u00e0 il vostro design con luminosit\u00e0. La scelta migliore per lavori a maglia come accessori, articoli per la casa e altri progetti di bricolage. Il peso \u00e8 di circa 250 grammi per 90 metri di lunghezza. Si pu\u00f2 utilizzare un gancio ad ago da 6-8 mm. Buon lavoro a maglia in anticipo!<\/p>","protected":false},"excerpt":{"rendered":"<ul>\n<li><strong>70% Cotone riciclato<\/strong><\/li>\n<li><strong>20% Filato metallizzato<\/strong><\/li>\n<li><strong>10% Poliestere<\/strong><\/li>\n<li><strong>90 MT \/ 98 IARDE \/ 250 GR<\/strong><\/li>\n<\/ul>","protected":false},"featured_media":8159,"comment_status":"closed","ping_status":"closed","template":"","meta":[],"product_brand":[277],"product_cat":[57,54],"product_tag":[],"class_list":{"0":"post-8158","1":"product","2":"type-product","3":"status-publish","4":"has-post-thumbnail","6":"product_brand-bead-yarn","7":"product_cat-100-recycled-cotton","8":"product_cat-macrame-cord-items","10":"first","11":"instock","12":"shipping-taxable","13":"purchasable","14":"product-type-simple"},"_links":{"self":[{"href":"https:\/\/beadyarn.com\/it\/wp-json\/wp\/v2\/product\/8158","targetHints":{"allow":["GET"]}}],"collection":[{"href":"https:\/\/beadyarn.com\/it\/wp-json\/wp\/v2\/product"}],"about":[{"href":"https:\/\/beadyarn.com\/it\/wp-json\/wp\/v2\/types\/product"}],"replies":[{"embeddable":true,"href":"https:\/\/beadyarn.com\/it\/wp-json\/wp\/v2\/comments?post=8158"}],"version-history":[{"count":1,"href":"https:\/\/beadyarn.com\/it\/wp-json\/wp\/v2\/product\/8158\/revisions"}],"predecessor-version":[{"id":8570,"href":"https:\/\/beadyarn.com\/it\/wp-json\/wp\/v2\/product\/8158\/revisions\/8570"}],"wp:featuredmedia":[{"embeddable":true,"href":"https:\/\/beadyarn.com\/it\/wp-json\/wp\/v2\/media\/8159"}],"wp:attachment":[{"href":"https:\/\/beadyarn.com\/it\/wp-json\/wp\/v2\/media?parent=8158"}],"wp:term":[{"taxonomy":"product_brand","embeddable":true,"href":"https:\/\/beadyarn.com\/it\/wp-json\/wp\/v2\/product_brand?post=8158"},{"taxonomy":"product_cat","embeddable":true,"href":"https:\/\/beadyarn.com\/it\/wp-json\/wp\/v2\/product_cat?post=8158"},{"taxonomy":"product_tag","embeddable":true,"href":"https:\/\/beadyarn.com\/it\/wp-json\/wp\/v2\/product_tag?post=8158"}],"curies":[{"name":"wp","href":"https:\/\/api.w.org\/{rel}","templated":true}]}}