{"id":7285,"date":"2024-09-28T22:53:53","date_gmt":"2024-09-28T22:53:53","guid":{"rendered":"https:\/\/beadyarn.com\/?post_type=product&#038;p=7285"},"modified":"2025-08-31T02:34:42","modified_gmt":"2025-08-30T23:34:42","slug":"macrame-cord-4-mm","status":"publish","type":"product","link":"https:\/\/beadyarn.com\/ro\/product\/macrame-cord-4-mm\/","title":{"rendered":"Cablu Macrame 4 MM"},"content":{"rendered":"<div data-elementor-type=\"product-post\" data-elementor-id=\"7285\" class=\"elementor elementor-7285\" data-elementor-post-type=\"product\">\n\t\t\t\t<div class=\"elementor-element elementor-element-22da2b5 e-flex e-con-boxed e-con e-parent\" data-id=\"22da2b5\" data-element_type=\"container\" data-e-type=\"container\">\n\t\t\t\t\t<div class=\"e-con-inner\">\n\t\t\t\t<div class=\"elementor-element elementor-element-6a2bac7 elementor-widget elementor-widget-text-editor\" data-id=\"6a2bac7\" data-element_type=\"widget\" data-e-type=\"widget\" data-widget_type=\"text-editor.default\">\n\t\t\t\t<div class=\"elementor-widget-container\">\n\t\t\t\t\t\t\t\t\t<p>Cord 4mm- este cea mai minunat\u0103 alegere pentru tricotaje ca accesorii, articole home decores \u0219i alte proiecte DIY. Beadyarn v\u0103 ofer\u0103 pe propria colec\u021bie de culori o varietate de op\u021biuni de culoare.  Exist\u0103 aprox. 250 gr\/ 55 m lungime. Con\u021binut-100% Bumbac reciclat \u0219i este certificat inofensiv pentru s\u0103n\u0103tate. \u00cen func\u021bie de preferin\u021bele dvs. pute\u021bi utiliza c\u00e2rlig de ac de 6-8 mm. Zi fericit\u0103 de tricotat \u00een avans!<\/p>\t\t\t\t\t\t\t\t<\/div>\n\t\t\t\t<\/div>\n\t\t\t\t\t<\/div>\n\t\t\t\t<\/div>\n\t\t<div class=\"elementor-element elementor-element-653f9b3 e-flex e-con-boxed e-con e-parent\" data-id=\"653f9b3\" data-element_type=\"container\" data-e-type=\"container\">\n\t\t\t\t\t<div class=\"e-con-inner\">\n\t\t\t\t<div class=\"elementor-element elementor-element-22aa9e9 elementor-widget elementor-widget-text-editor\" data-id=\"22aa9e9\" data-element_type=\"widget\" data-e-type=\"widget\" data-widget_type=\"text-editor.default\">\n\t\t\t\t<div class=\"elementor-widget-container\">\n\t\t\t\t\t\t\t\t\t<h2><strong>Macrame Cord: Tot ce trebuie s\u0103 \u0219ti\u021bi<\/strong><\/h2><p>Macrame a reap\u0103rut ca unul dintre cele mai populare hobby-uri de art\u0103 \u0219i artizanat, aduc\u00e2nd un me\u0219te\u0219ug de epoc\u0103 \u00een era modern\u0103. \u00cen centrul acestui me\u0219te\u0219ug se afl\u0103 un singur material esen\u021bial: cordonul macrame. Indiferent dac\u0103 sunte\u021bi un \u00eencep\u0103tor care \u00ee\u0219i \u00eennoad\u0103 prima ag\u0103\u021bare de perete sau un me\u0219te\u0219ugar experimentat care creeaz\u0103 ag\u0103\u021b\u0103tori complica\u021bi pentru plante \u0219i bijuterii, alegerea \u0219i \u00een\u021belegerea cordonului macrame este fundamental\u0103.<\/p>\t\t\t\t\t\t\t\t<\/div>\n\t\t\t\t<\/div>\n\t\t\t\t\t<\/div>\n\t\t\t\t<\/div>\n\t\t<div class=\"elementor-element elementor-element-cc9e3de e-flex e-con-boxed e-con e-parent\" data-id=\"cc9e3de\" data-element_type=\"container\" data-e-type=\"container\">\n\t\t\t\t\t<div class=\"e-con-inner\">\n\t\t\t\t<div class=\"elementor-element elementor-element-a3ff01d elementor-widget elementor-widget-text-editor\" data-id=\"a3ff01d\" data-element_type=\"widget\" data-e-type=\"widget\" data-widget_type=\"text-editor.default\">\n\t\t\t\t<div class=\"elementor-widget-container\">\n\t\t\t\t\t\t\t\t\t<h2><strong>Ce este cablul Macrame?<\/strong><\/h2><p><strong>Cablu Macrame<\/strong> se refer\u0103 la \u0219nurul, fr\u00e2nghia sau firul utilizat pentru a crea proiecte macrame. Spre deosebire de firul obi\u0219nuit, cordonul macrame este mai gros, mai rezistent \u0219i conceput pentru tehnici de \u00eennodare.<\/p><ul><li><strong>Grosime:<\/strong> Variaz\u0103 de la 1 mm (folosit pentru bijuterii delicate) la 10 mm (pentru ag\u0103\u021b\u0103turi de perete mari).\u00a0 <a href=\"https:\/\/beadyarn.com\/ro\/product\/macrame-cord-3-mm\/\"><strong>Cablu Macrame 3 MM<\/strong><\/a>, <a href=\"https:\/\/beadyarn.com\/ro\/product\/macrame-cord-4-mm-remix\/\"><strong>Macrame Cord 4 MM Remix<\/strong><\/a><\/li><li><strong>Structura:<\/strong> Cablurile pot fi cu un singur fir, \u00eempletite sau r\u0103sucite, fiecare av\u00e2nd calit\u0103\u021bi unice de manipulare \u0219i finisare.<\/li><\/ul>\t\t\t\t\t\t\t\t<\/div>\n\t\t\t\t<\/div>\n\t\t\t\t\t<\/div>\n\t\t\t\t<\/div>\n\t\t<div class=\"elementor-element elementor-element-1f46b70 e-flex e-con-boxed e-con e-parent\" data-id=\"1f46b70\" data-element_type=\"container\" data-e-type=\"container\">\n\t\t\t\t\t<div class=\"e-con-inner\">\n\t\t\t\t<div class=\"elementor-element elementor-element-23cdcfa elementor-widget elementor-widget-text-editor\" data-id=\"23cdcfa\" data-element_type=\"widget\" data-e-type=\"widget\" data-widget_type=\"text-editor.default\">\n\t\t\t\t<div class=\"elementor-widget-container\">\n\t\t\t\t\t\t\t\t\t<p><strong>Cablu Macrame<\/strong> este mai mult dec\u00e2t o simpl\u0103 sfoar\u0103 - este baza fiec\u0103rui nod, model \u0219i oper\u0103 de art\u0103 pe care o crea\u021bi. \u00cen\u021beleg\u00e2nd tipurile de corzi, cum s\u0103 le alege\u021bi pe cele potrivite \u0219i st\u0103p\u00e2nind tehnicile esen\u021biale, v\u0103 pute\u021bi lansa cu \u00eencredere \u00een proiecte macrame care sunt at\u00e2t func\u021bionale, c\u00e2t \u0219i decorative.<\/p><p>Fie c\u0103 realiza\u021bi un simplu suport pentru plante sau o tapiserie de perete elaborat\u0103, alegerea cordonului determin\u0103 rezultatul. Investe\u0219te \u00een materialele potrivite, exerseaz\u0103-\u021bi nodurile \u0219i \u00een cur\u00e2nd vei crea piese artizanale atemporale care adaug\u0103 frumuse\u021be \u0219i personalitate oric\u0103rui spa\u021biu.<\/p>\t\t\t\t\t\t\t\t<\/div>\n\t\t\t\t<\/div>\n\t\t\t\t\t<\/div>\n\t\t\t\t<\/div>\n\t\t<div class=\"elementor-element elementor-element-6ca3814 e-flex e-con-boxed e-con e-parent\" data-id=\"6ca3814\" data-element_type=\"container\" data-e-type=\"container\">\n\t\t\t\t\t<div class=\"e-con-inner\">\n\t\t\t\t<div class=\"elementor-element elementor-element-df3acd6 elementor-widget elementor-widget-n-accordion\" data-id=\"df3acd6\" data-element_type=\"widget\" data-e-type=\"widget\" data-settings=\"{&quot;default_state&quot;:&quot;expanded&quot;,&quot;max_items_expended&quot;:&quot;one&quot;,&quot;n_accordion_animation_duration&quot;:{&quot;unit&quot;:&quot;ms&quot;,&quot;size&quot;:400,&quot;sizes&quot;:[]}}\" data-widget_type=\"nested-accordion.default\">\n\t\t\t\t<div class=\"elementor-widget-container\">\n\t\t\t\t\t\t\t<div class=\"e-n-accordion\" aria-label=\"Acordeon. Deschide\u021bi linkurile cu Enter sau Space, \u00eenchide\u021bi-le cu Escape \u0219i naviga\u021bi cu tastele s\u0103geat\u0103\">\n\t\t\t\t\t\t<details id=\"e-n-accordion-item-2340\" class=\"e-n-accordion-item\" open>\n\t\t\t\t<summary class=\"e-n-accordion-item-title\" data-accordion-index=\"1\" tabindex=\"0\" aria-expanded=\"true\" aria-controls=\"e-n-accordion-item-2340\" >\n\t\t\t\t\t<span class='e-n-accordion-item-title-header'><div class=\"e-n-accordion-item-title-text\"> Care este cel mai bun cordon macrame pentru \u00eencep\u0103tori? <\/div><\/span>\n\t\t\t\t\t\t\t<span class='e-n-accordion-item-title-icon'>\n\t\t\t<span class='e-opened' ><svg aria-hidden=\"true\" class=\"e-font-icon-svg e-fas-minus\" viewbox=\"0 0 448 512\" xmlns=\"http:\/\/www.w3.org\/2000\/svg\"><path d=\"M416 208H32c-17.67 0-32 14.33-32 32v32c0 17.67 14.33 32 32 32h384c17.67 0 32-14.33 32-32v-32c0-17.67-14.33-32-32-32z\"><\/path><\/svg><\/span>\n\t\t\t<span class='e-closed'><svg aria-hidden=\"true\" class=\"e-font-icon-svg e-fas-plus\" viewbox=\"0 0 448 512\" xmlns=\"http:\/\/www.w3.org\/2000\/svg\"><path d=\"M416 208H272V64c0-17.67-14.33-32-32-32h-32c-17.67 0-32 14.33-32 32v144H32c-17.67 0-32 14.33-32 32v32c0 17.67 14.33 32 32 32h144v144c0 17.67 14.33 32 32 32h32c17.67 0 32-14.33 32-32V304h144c17.67 0 32-14.33 32-32v-32c0-17.67-14.33-32-32-32z\"><\/path><\/svg><\/span>\n\t\t<\/span>\n\n\t\t\t\t\t\t<\/summary>\n\t\t\t\t<div role=\"region\" aria-labelledby=\"e-n-accordion-item-2340\" class=\"elementor-element elementor-element-39625d1 e-con-full e-flex e-con e-child\" data-id=\"39625d1\" data-element_type=\"container\" data-e-type=\"container\">\n\t\t\t\t<div class=\"elementor-element elementor-element-a6d7e0f elementor-widget elementor-widget-text-editor\" data-id=\"a6d7e0f\" data-element_type=\"widget\" data-e-type=\"widget\" data-widget_type=\"text-editor.default\">\n\t\t\t\t<div class=\"elementor-widget-container\">\n\t\t\t\t\t\t\t\t\tCablul moale din bumbac cu un singur fir (3-4 mm) este cel mai u\u0219or de prelucrat \u0219i iert\u0103tor pentru gre\u0219eli.\t\t\t\t\t\t\t\t<\/div>\n\t\t\t\t<\/div>\n\t\t\t\t<\/div>\n\t\t\t\t\t<\/details>\n\t\t\t\t\t\t<details id=\"e-n-accordion-item-2341\" class=\"e-n-accordion-item\" >\n\t\t\t\t<summary class=\"e-n-accordion-item-title\" data-accordion-index=\"2\" tabindex=\"-1\" aria-expanded=\"false\" aria-controls=\"e-n-accordion-item-2341\" >\n\t\t\t\t\t<span class='e-n-accordion-item-title-header'><div class=\"e-n-accordion-item-title-text\"> Pot folosi fire \u00een loc de cordon macrame? <\/div><\/span>\n\t\t\t\t\t\t\t<span class='e-n-accordion-item-title-icon'>\n\t\t\t<span class='e-opened' ><svg aria-hidden=\"true\" class=\"e-font-icon-svg e-fas-minus\" viewbox=\"0 0 448 512\" xmlns=\"http:\/\/www.w3.org\/2000\/svg\"><path d=\"M416 208H32c-17.67 0-32 14.33-32 32v32c0 17.67 14.33 32 32 32h384c17.67 0 32-14.33 32-32v-32c0-17.67-14.33-32-32-32z\"><\/path><\/svg><\/span>\n\t\t\t<span class='e-closed'><svg aria-hidden=\"true\" class=\"e-font-icon-svg e-fas-plus\" viewbox=\"0 0 448 512\" xmlns=\"http:\/\/www.w3.org\/2000\/svg\"><path d=\"M416 208H272V64c0-17.67-14.33-32-32-32h-32c-17.67 0-32 14.33-32 32v144H32c-17.67 0-32 14.33-32 32v32c0 17.67 14.33 32 32 32h144v144c0 17.67 14.33 32 32 32h32c17.67 0 32-14.33 32-32V304h144c17.67 0 32-14.33 32-32v-32c0-17.67-14.33-32-32-32z\"><\/path><\/svg><\/span>\n\t\t<\/span>\n\n\t\t\t\t\t\t<\/summary>\n\t\t\t\t<div role=\"region\" aria-labelledby=\"e-n-accordion-item-2341\" class=\"elementor-element elementor-element-15a655e e-con-full e-flex e-con e-child\" data-id=\"15a655e\" data-element_type=\"container\" data-e-type=\"container\">\n\t\t\t\t<div class=\"elementor-element elementor-element-9f5deeb elementor-widget elementor-widget-text-editor\" data-id=\"9f5deeb\" data-element_type=\"widget\" data-e-type=\"widget\" data-widget_type=\"text-editor.default\">\n\t\t\t\t<div class=\"elementor-widget-container\">\n\t\t\t\t\t\t\t\t\tDa, dar este posibil ca firul s\u0103 nu \u021bin\u0103 nodurile la fel de bine. Utiliza\u021bi fire mai groase pentru rezultate mai bune.\t\t\t\t\t\t\t\t<\/div>\n\t\t\t\t<\/div>\n\t\t\t\t<\/div>\n\t\t\t\t\t<\/details>\n\t\t\t\t\t\t<details id=\"e-n-accordion-item-2342\" class=\"e-n-accordion-item\" >\n\t\t\t\t<summary class=\"e-n-accordion-item-title\" data-accordion-index=\"3\" tabindex=\"-1\" aria-expanded=\"false\" aria-controls=\"e-n-accordion-item-2342\" >\n\t\t\t\t\t<span class='e-n-accordion-item-title-header'><div class=\"e-n-accordion-item-title-text\"> Pot vopsi cordonul macrame acas\u0103? <\/div><\/span>\n\t\t\t\t\t\t\t<span class='e-n-accordion-item-title-icon'>\n\t\t\t<span class='e-opened' ><svg aria-hidden=\"true\" class=\"e-font-icon-svg e-fas-minus\" viewbox=\"0 0 448 512\" xmlns=\"http:\/\/www.w3.org\/2000\/svg\"><path d=\"M416 208H32c-17.67 0-32 14.33-32 32v32c0 17.67 14.33 32 32 32h384c17.67 0 32-14.33 32-32v-32c0-17.67-14.33-32-32-32z\"><\/path><\/svg><\/span>\n\t\t\t<span class='e-closed'><svg aria-hidden=\"true\" class=\"e-font-icon-svg e-fas-plus\" viewbox=\"0 0 448 512\" xmlns=\"http:\/\/www.w3.org\/2000\/svg\"><path d=\"M416 208H272V64c0-17.67-14.33-32-32-32h-32c-17.67 0-32 14.33-32 32v144H32c-17.67 0-32 14.33-32 32v32c0 17.67 14.33 32 32 32h144v144c0 17.67 14.33 32 32 32h32c17.67 0 32-14.33 32-32V304h144c17.67 0 32-14.33 32-32v-32c0-17.67-14.33-32-32-32z\"><\/path><\/svg><\/span>\n\t\t<\/span>\n\n\t\t\t\t\t\t<\/summary>\n\t\t\t\t<div role=\"region\" aria-labelledby=\"e-n-accordion-item-2342\" class=\"elementor-element elementor-element-ad6fcf0 e-con-full e-flex e-con e-child\" data-id=\"ad6fcf0\" data-element_type=\"container\" data-e-type=\"container\">\n\t\t\t\t<div class=\"elementor-element elementor-element-7210e43 elementor-widget elementor-widget-text-editor\" data-id=\"7210e43\" data-element_type=\"widget\" data-e-type=\"widget\" data-widget_type=\"text-editor.default\">\n\t\t\t\t<div class=\"elementor-widget-container\">\n\t\t\t\t\t\t\t\t\tDa, corzile naturale din bumbac absorb bine vopseaua. Vopseaua pentru \u021bes\u0103turi sau coloran\u021bii naturali precum ceaiul \u0219i turmericul func\u021bioneaz\u0103 minunat.\t\t\t\t\t\t\t\t<\/div>\n\t\t\t\t<\/div>\n\t\t\t\t<\/div>\n\t\t\t\t\t<\/details>\n\t\t\t\t\t<\/div>\n\t\t\t\t\t\t<\/div>\n\t\t\t\t<\/div>\n\t\t\t\t\t<\/div>\n\t\t\t\t<\/div>\n\t\t<div class=\"elementor-element elementor-element-8525f9e e-flex e-con-boxed e-con e-parent\" data-id=\"8525f9e\" data-element_type=\"container\" data-e-type=\"container\">\n\t\t\t\t\t<div class=\"e-con-inner\">\n\t\t\t\t<div class=\"elementor-element elementor-element-4382b0f elementor-toc--minimized-on-tablet elementor-widget elementor-widget-table-of-contents\" data-id=\"4382b0f\" data-element_type=\"widget\" data-e-type=\"widget\" data-settings=\"{&quot;headings_by_tags&quot;:[&quot;h1&quot;,&quot;h2&quot;,&quot;h3&quot;,&quot;h4&quot;,&quot;h5&quot;,&quot;h6&quot;],&quot;exclude_headings_by_selector&quot;:[],&quot;no_headings_message&quot;:&quot;No headings were found on this page.&quot;,&quot;marker_view&quot;:&quot;numbers&quot;,&quot;minimize_box&quot;:&quot;yes&quot;,&quot;minimized_on&quot;:&quot;tablet&quot;,&quot;hierarchical_view&quot;:&quot;yes&quot;,&quot;min_height&quot;:{&quot;unit&quot;:&quot;px&quot;,&quot;size&quot;:&quot;&quot;,&quot;sizes&quot;:[]},&quot;min_height_tablet&quot;:{&quot;unit&quot;:&quot;px&quot;,&quot;size&quot;:&quot;&quot;,&quot;sizes&quot;:[]},&quot;min_height_mobile&quot;:{&quot;unit&quot;:&quot;px&quot;,&quot;size&quot;:&quot;&quot;,&quot;sizes&quot;:[]}}\" data-widget_type=\"table-of-contents.default\">\n\t\t\t\t<div class=\"elementor-widget-container\">\n\t\t\t\t\t\t\t\t\t<div class=\"elementor-toc__header\">\r\n\t\t\t\t\t\t<h4 class=\"elementor-toc__header-title\">\r\n\t\t\t\tPagina de con\u021binut\t\t\t<\/h4>\r\n\t\t\t\t\t\t\t\t\t\t<div class=\"elementor-toc__toggle-button elementor-toc__toggle-button--expand\" role=\"button\" tabindex=\"0\" aria-controls=\"elementor-toc__4382b0f\" aria-expanded=\"true\" aria-label=\"Deschide\u021bi tabelul de con\u021binut\"><svg aria-hidden=\"true\" class=\"e-font-icon-svg e-fas-chevron-down\" viewbox=\"0 0 448 512\" xmlns=\"http:\/\/www.w3.org\/2000\/svg\"><path d=\"M207.029 381.476L12.686 187.132c-9.373-9.373-9.373-24.569 0-33.941l22.667-22.667c9.357-9.357 24.522-9.375 33.901-.04L224 284.505l154.745-154.021c9.379-9.335 24.544-9.317 33.901.04l22.667 22.667c9.373 9.373 9.373 24.569 0 33.941L240.971 381.476c-9.373 9.372-24.569 9.372-33.942 0z\"><\/path><\/svg><\/div>\r\n\t\t\t\t<div class=\"elementor-toc__toggle-button elementor-toc__toggle-button--collapse\" role=\"button\" tabindex=\"0\" aria-controls=\"elementor-toc__4382b0f\" aria-expanded=\"true\" aria-label=\"\u00cenchide tabelul de con\u021binut\"><svg aria-hidden=\"true\" class=\"e-font-icon-svg e-fas-chevron-up\" viewbox=\"0 0 448 512\" xmlns=\"http:\/\/www.w3.org\/2000\/svg\"><path d=\"M240.971 130.524l194.343 194.343c9.373 9.373 9.373 24.569 0 33.941l-22.667 22.667c-9.357 9.357-24.522 9.375-33.901.04L224 227.495 69.255 381.516c-9.379 9.335-24.544 9.317-33.901-.04l-22.667-22.667c-9.373-9.373-9.373-24.569 0-33.941L207.03 130.525c9.372-9.373 24.568-9.373 33.941-.001z\"><\/path><\/svg><\/div>\r\n\t\t\t\t\t<\/div>\r\n\t\t\t\t<div id=\"elementor-toc__4382b0f\" class=\"elementor-toc__body\">\r\n\t\t\t<div class=\"elementor-toc__spinner-container\">\r\n\t\t\t\t<svg class=\"elementor-toc__spinner eicon-animation-spin e-font-icon-svg e-eicon-loading\" aria-hidden=\"true\" viewbox=\"0 0 1000 1000\" xmlns=\"http:\/\/www.w3.org\/2000\/svg\"><path d=\"M500 975V858C696 858 858 696 858 500S696 142 500 142 142 304 142 500H25C25 237 238 25 500 25S975 237 975 500 763 975 500 975Z\"><\/path><\/svg>\t\t\t<\/div>\r\n\t\t<\/div>\r\n\t\t\t\t\t\t<\/div>\n\t\t\t\t<\/div>\n\t\t\t\t\t<\/div>\n\t\t\t\t<\/div>\n\t\t\t\t<\/div>","protected":false},"excerpt":{"rendered":"<ul>\n<li><strong>80% Bumbac reciclat<\/strong><\/li>\n<li><strong>20% Poliester<\/strong><\/li>\n<li><strong>45 MT \/ 49 YDS \/ 250 GR<\/strong><\/li>\n<\/ul>\n<p><span style=\"color: #ff0000;\"><strong>Fiecare cutie con\u021bine un total de 48 de bobine.<\/strong><\/span><\/p>","protected":false},"featured_media":7286,"comment_status":"closed","ping_status":"closed","template":"","meta":[],"product_brand":[277],"product_cat":[54],"product_tag":[],"class_list":{"0":"post-7285","1":"product","2":"type-product","3":"status-publish","4":"has-post-thumbnail","6":"product_brand-bead-yarn","7":"product_cat-macrame-cord-items","9":"first","10":"instock","11":"shipping-taxable","12":"purchasable","13":"product-type-variable","14":"has-default-attributes"},"_links":{"self":[{"href":"https:\/\/beadyarn.com\/ro\/wp-json\/wp\/v2\/product\/7285","targetHints":{"allow":["GET"]}}],"collection":[{"href":"https:\/\/beadyarn.com\/ro\/wp-json\/wp\/v2\/product"}],"about":[{"href":"https:\/\/beadyarn.com\/ro\/wp-json\/wp\/v2\/types\/product"}],"replies":[{"embeddable":true,"href":"https:\/\/beadyarn.com\/ro\/wp-json\/wp\/v2\/comments?post=7285"}],"version-history":[{"count":28,"href":"https:\/\/beadyarn.com\/ro\/wp-json\/wp\/v2\/product\/7285\/revisions"}],"predecessor-version":[{"id":8699,"href":"https:\/\/beadyarn.com\/ro\/wp-json\/wp\/v2\/product\/7285\/revisions\/8699"}],"wp:featuredmedia":[{"embeddable":true,"href":"https:\/\/beadyarn.com\/ro\/wp-json\/wp\/v2\/media\/7286"}],"wp:attachment":[{"href":"https:\/\/beadyarn.com\/ro\/wp-json\/wp\/v2\/media?parent=7285"}],"wp:term":[{"taxonomy":"product_brand","embeddable":true,"href":"https:\/\/beadyarn.com\/ro\/wp-json\/wp\/v2\/product_brand?post=7285"},{"taxonomy":"product_cat","embeddable":true,"href":"https:\/\/beadyarn.com\/ro\/wp-json\/wp\/v2\/product_cat?post=7285"},{"taxonomy":"product_tag","embeddable":true,"href":"https:\/\/beadyarn.com\/ro\/wp-json\/wp\/v2\/product_tag?post=7285"}],"curies":[{"name":"wp","href":"https:\/\/api.w.org\/{rel}","templated":true}]}}