{"id":7707,"date":"2025-01-02T21:54:54","date_gmt":"2025-01-02T18:54:54","guid":{"rendered":"https:\/\/beadyarn.com\/?post_type=product&#038;p=7707"},"modified":"2025-01-02T22:50:45","modified_gmt":"2025-01-02T19:50:45","slug":"cotton-slim","status":"publish","type":"product","link":"https:\/\/beadyarn.com\/ro\/product\/cotton-slim\/","title":{"rendered":"Bumbac Slim"},"content":{"rendered":"<p>Bead Yarn's Cotton slim fire este un fir moale, sub\u021bire, care este fabricat din bumbac reciclat. Deoarece este reciclat 100%, pute\u021bi contribui la bun\u0103starea dumneavoastr\u0103 \u0219i a mediului \u00eenconjur\u0103tor, cu toate acestea, este inofensiv pentru s\u0103n\u0103tate. Cotton Slim este alegerea minunat\u0103 pentru tricotatorul con\u0219tient de mediul \u00eenconjur\u0103tor. Beadyarn v\u0103 ofer\u0103 pe propria colec\u021bie de culori o varietate de op\u021biuni de culoare. Pute\u021bi alege de fiecare dat\u0103 culoarea pe care o dori\u021bi. Este perfect de folosit pentru proiecte de \u00eembr\u0103c\u0103minte, juc\u0103rii \u0219i accesorii. Exist\u0103 aproximativ 100gr \/ 170m lungime. Pute\u021bi folosi c\u00e2rlig de cro\u0219etat de 3-4 mm sau ac de tricotat. Con\u021binutul unei bobine este 80% bumbac \u0219i 20% alt poliester. Zi fericit\u0103 de tricotat \u00een avans!<\/p>","protected":false},"excerpt":{"rendered":"<ul>\n<li><strong>80% Bumbac Slim<\/strong><\/li>\n<li><strong>20% Poliester<\/strong><\/li>\n<li><strong>170 MT \/ 187 YDS \/ 100 GR<\/strong><\/li>\n<\/ul>","protected":false},"featured_media":8179,"comment_status":"closed","ping_status":"closed","template":"","meta":[],"product_brand":[],"product_cat":[57],"product_tag":[],"class_list":{"0":"post-7707","1":"product","2":"type-product","3":"status-publish","4":"has-post-thumbnail","6":"product_cat-100-recycled-cotton","8":"first","9":"instock","10":"shipping-taxable","11":"purchasable","12":"product-type-simple"},"_links":{"self":[{"href":"https:\/\/beadyarn.com\/ro\/wp-json\/wp\/v2\/product\/7707","targetHints":{"allow":["GET"]}}],"collection":[{"href":"https:\/\/beadyarn.com\/ro\/wp-json\/wp\/v2\/product"}],"about":[{"href":"https:\/\/beadyarn.com\/ro\/wp-json\/wp\/v2\/types\/product"}],"replies":[{"embeddable":true,"href":"https:\/\/beadyarn.com\/ro\/wp-json\/wp\/v2\/comments?post=7707"}],"version-history":[{"count":1,"href":"https:\/\/beadyarn.com\/ro\/wp-json\/wp\/v2\/product\/7707\/revisions"}],"predecessor-version":[{"id":8613,"href":"https:\/\/beadyarn.com\/ro\/wp-json\/wp\/v2\/product\/7707\/revisions\/8613"}],"wp:featuredmedia":[{"embeddable":true,"href":"https:\/\/beadyarn.com\/ro\/wp-json\/wp\/v2\/media\/8179"}],"wp:attachment":[{"href":"https:\/\/beadyarn.com\/ro\/wp-json\/wp\/v2\/media?parent=7707"}],"wp:term":[{"taxonomy":"product_brand","embeddable":true,"href":"https:\/\/beadyarn.com\/ro\/wp-json\/wp\/v2\/product_brand?post=7707"},{"taxonomy":"product_cat","embeddable":true,"href":"https:\/\/beadyarn.com\/ro\/wp-json\/wp\/v2\/product_cat?post=7707"},{"taxonomy":"product_tag","embeddable":true,"href":"https:\/\/beadyarn.com\/ro\/wp-json\/wp\/v2\/product_tag?post=7707"}],"curies":[{"name":"wp","href":"https:\/\/api.w.org\/{rel}","templated":true}]}}