{"id":8153,"date":"2025-01-02T22:08:44","date_gmt":"2025-01-02T19:08:44","guid":{"rendered":"https:\/\/beadyarn.com\/?post_type=product&#038;p=8153"},"modified":"2025-01-02T22:08:55","modified_gmt":"2025-01-02T19:08:55","slug":"midi-cotton","status":"publish","type":"product","link":"https:\/\/beadyarn.com\/ro\/product\/midi-cotton\/","title":{"rendered":"Bumbac midi"},"content":{"rendered":"<p>Fabricat din 80% Bumbac reciclat, 20% poliester. Midi Cotton este perfect pentru tricotat, cro\u0219etat, cum ar fi co\u0219uri, juc\u0103rii pentru copii, decora\u021biuni pentru cas\u0103, accesorii \u0219i multe altele. Beadyarn v\u0103 ofer\u0103 pe propria colec\u021bie de culori o varietate de op\u021biuni de culoare. Exist\u0103 aprox. 250 gr \/ 70 m lungime. Este certificat\u0103 inofensiv\u0103 pentru s\u0103n\u0103tate. \u00cen func\u021bie de preferin\u021bele dvs. pute\u021bi utiliza c\u00e2rlig de ac de 6-8 mm. Zi fericit\u0103 de tricotat \u00een avans!<\/p>","protected":false},"excerpt":{"rendered":"<ul>\n<li><strong>60% Bumbac reciclat<\/strong><\/li>\n<li><strong>40% Poliester<\/strong><\/li>\n<li><strong>73 MT \/ 79 YDS \/ 250 GR<\/strong><\/li>\n<\/ul>","protected":false},"featured_media":8154,"comment_status":"closed","ping_status":"closed","template":"","meta":[],"product_brand":[],"product_cat":[57],"product_tag":[],"class_list":{"0":"post-8153","1":"product","2":"type-product","3":"status-publish","4":"has-post-thumbnail","6":"product_cat-100-recycled-cotton","8":"first","9":"instock","10":"shipping-taxable","11":"purchasable","12":"product-type-simple"},"_links":{"self":[{"href":"https:\/\/beadyarn.com\/ro\/wp-json\/wp\/v2\/product\/8153","targetHints":{"allow":["GET"]}}],"collection":[{"href":"https:\/\/beadyarn.com\/ro\/wp-json\/wp\/v2\/product"}],"about":[{"href":"https:\/\/beadyarn.com\/ro\/wp-json\/wp\/v2\/types\/product"}],"replies":[{"embeddable":true,"href":"https:\/\/beadyarn.com\/ro\/wp-json\/wp\/v2\/comments?post=8153"}],"version-history":[{"count":0,"href":"https:\/\/beadyarn.com\/ro\/wp-json\/wp\/v2\/product\/8153\/revisions"}],"wp:featuredmedia":[{"embeddable":true,"href":"https:\/\/beadyarn.com\/ro\/wp-json\/wp\/v2\/media\/8154"}],"wp:attachment":[{"href":"https:\/\/beadyarn.com\/ro\/wp-json\/wp\/v2\/media?parent=8153"}],"wp:term":[{"taxonomy":"product_brand","embeddable":true,"href":"https:\/\/beadyarn.com\/ro\/wp-json\/wp\/v2\/product_brand?post=8153"},{"taxonomy":"product_cat","embeddable":true,"href":"https:\/\/beadyarn.com\/ro\/wp-json\/wp\/v2\/product_cat?post=8153"},{"taxonomy":"product_tag","embeddable":true,"href":"https:\/\/beadyarn.com\/ro\/wp-json\/wp\/v2\/product_tag?post=8153"}],"curies":[{"name":"wp","href":"https:\/\/api.w.org\/{rel}","templated":true}]}}