{"id":7262,"date":"2024-09-28T22:31:12","date_gmt":"2024-09-28T22:31:12","guid":{"rendered":"https:\/\/beadyarn.com\/?post_type=product&#038;p=7262"},"modified":"2024-10-10T17:59:52","modified_gmt":"2024-10-10T14:59:52","slug":"diamond","status":"publish","type":"product","link":"https:\/\/beadyarn.com\/sk\/product\/diamond\/","title":{"rendered":"Diamant"},"content":{"rendered":"<div data-elementor-type=\"product-post\" data-elementor-id=\"7262\" class=\"elementor elementor-7262\" data-elementor-post-type=\"product\">\n\t\t\t\t<div class=\"elementor-element elementor-element-07d244f e-flex e-con-boxed e-con e-parent\" data-id=\"07d244f\" data-element_type=\"container\" data-e-type=\"container\">\n\t\t\t\t\t<div class=\"e-con-inner\">\n\t\t\t\t<div class=\"elementor-element elementor-element-0efca3a elementor-widget elementor-widget-text-editor\" data-id=\"0efca3a\" data-element_type=\"widget\" data-e-type=\"widget\" data-widget_type=\"text-editor.default\">\n\t\t\t\t<div class=\"elementor-widget-container\">\n\t\t\t\t\t\t\t\t\t<p>Vyroben\u00e9 z 50% akryl, 50% bavlna. Diamantov\u00e1 priadza je najkvalitnej\u0161ia na odevy, pono\u017eky... s jemn\u00fdm a m\u00e4kk\u00fdm spracovan\u00edm. Beadyarn v\u00e1m pon\u00faka na vlastnej farebnej kolekcii r\u00f4zne farebn\u00e9 mo\u017enosti. V ponuke je pribli\u017ene 250 gr\/ 1000 m d\u013a\u017eky. V z\u00e1vislosti od va\u0161ich preferenci\u00ed m\u00f4\u017eete pou\u017ei\u0165 3-3,5mm ihlicov\u00fd h\u00e1\u010dik. \u0160\u0165astn\u00fd de\u0148 pri pleten\u00ed vopred!<\/p>\t\t\t\t\t\t\t\t<\/div>\n\t\t\t\t<\/div>\n\t\t\t\t\t<\/div>\n\t\t\t\t<\/div>\n\t\t\t\t<\/div>","protected":false},"excerpt":{"rendered":"<ul>\n<li><strong>50% Akryl<\/strong><\/li>\n<li><strong>50% Bavlna<\/strong><\/li>\n<li><strong>1000 MT \/ 1093 YARDOV \/ 250 GR<\/strong><\/li>\n<\/ul>\n<p><span style=\"color: #ff0000;\"><strong>Ka\u017ed\u00e9 balenie obsahuje celkom 20 cievok.<\/strong><\/span><\/p>","protected":false},"featured_media":7544,"comment_status":"closed","ping_status":"closed","template":"","meta":[],"product_brand":[],"product_cat":[56],"product_tag":[],"class_list":{"0":"post-7262","1":"product","2":"type-product","3":"status-publish","4":"has-post-thumbnail","6":"product_cat-acrylic-cotton","8":"first","9":"instock","10":"shipping-taxable","11":"purchasable","12":"product-type-variable","13":"has-default-attributes"},"_links":{"self":[{"href":"https:\/\/beadyarn.com\/sk\/wp-json\/wp\/v2\/product\/7262","targetHints":{"allow":["GET"]}}],"collection":[{"href":"https:\/\/beadyarn.com\/sk\/wp-json\/wp\/v2\/product"}],"about":[{"href":"https:\/\/beadyarn.com\/sk\/wp-json\/wp\/v2\/types\/product"}],"replies":[{"embeddable":true,"href":"https:\/\/beadyarn.com\/sk\/wp-json\/wp\/v2\/comments?post=7262"}],"version-history":[{"count":0,"href":"https:\/\/beadyarn.com\/sk\/wp-json\/wp\/v2\/product\/7262\/revisions"}],"wp:featuredmedia":[{"embeddable":true,"href":"https:\/\/beadyarn.com\/sk\/wp-json\/wp\/v2\/media\/7544"}],"wp:attachment":[{"href":"https:\/\/beadyarn.com\/sk\/wp-json\/wp\/v2\/media?parent=7262"}],"wp:term":[{"taxonomy":"product_brand","embeddable":true,"href":"https:\/\/beadyarn.com\/sk\/wp-json\/wp\/v2\/product_brand?post=7262"},{"taxonomy":"product_cat","embeddable":true,"href":"https:\/\/beadyarn.com\/sk\/wp-json\/wp\/v2\/product_cat?post=7262"},{"taxonomy":"product_tag","embeddable":true,"href":"https:\/\/beadyarn.com\/sk\/wp-json\/wp\/v2\/product_tag?post=7262"}],"curies":[{"name":"wp","href":"https:\/\/api.w.org\/{rel}","templated":true}]}}