{"id":7722,"date":"2025-01-02T21:59:40","date_gmt":"2025-01-02T18:59:40","guid":{"rendered":"https:\/\/beadyarn.com\/?post_type=product&#038;p=7722"},"modified":"2025-04-21T13:00:02","modified_gmt":"2025-04-21T10:00:02","slug":"macrame-rope-4-mm","status":"publish","type":"product","link":"https:\/\/beadyarn.com\/sk\/product\/macrame-rope-4-mm\/","title":{"rendered":"Makrame lano 4 MM"},"content":{"rendered":"<p>Macrame Lano 4 mm - je ide\u00e1lne na pletenie, h\u00e1\u010dkovanie, ako s\u00fa dom\u00e1ce dekor\u00e1cie, doplnky. Beadyarn v\u00e1m pon\u00faka na vlastnej farebnej kolekcii r\u00f4zne farebn\u00e9 mo\u017enosti. D\u013a\u017eka je pribli\u017ene 250 g\/ 45 m. Obsah-100% Recyklovan\u00e1 bavlna a jej certifik\u00e1t zdravotnej ne\u0161kodnosti. V z\u00e1vislosti od va\u0161ich preferenci\u00ed m\u00f4\u017eete pou\u017ei\u0165 6-8 mm ihli\u010dkov\u00fd h\u00e1\u010dik. \u0160\u0165astn\u00fd de\u0148 pri pleten\u00ed vopred!<\/p>\n\n\n\n<p><\/p>","protected":false},"excerpt":{"rendered":"<ul>\n<li><strong>80% Bavlna Slim<\/strong><\/li>\n<li><strong>20% Poliester<\/strong><\/li>\n<li><strong>45 M \/ 49 YARDOV \/ 250 GR<\/strong><\/li>\n<\/ul>","protected":false},"featured_media":8385,"comment_status":"closed","ping_status":"closed","template":"","meta":[],"product_brand":[277],"product_cat":[57,54],"product_tag":[],"class_list":{"0":"post-7722","1":"product","2":"type-product","3":"status-publish","4":"has-post-thumbnail","6":"product_brand-bead-yarn","7":"product_cat-100-recycled-cotton","8":"product_cat-macrame-cord-items","10":"first","11":"instock","12":"shipping-taxable","13":"purchasable","14":"product-type-variable"},"_links":{"self":[{"href":"https:\/\/beadyarn.com\/sk\/wp-json\/wp\/v2\/product\/7722","targetHints":{"allow":["GET"]}}],"collection":[{"href":"https:\/\/beadyarn.com\/sk\/wp-json\/wp\/v2\/product"}],"about":[{"href":"https:\/\/beadyarn.com\/sk\/wp-json\/wp\/v2\/types\/product"}],"replies":[{"embeddable":true,"href":"https:\/\/beadyarn.com\/sk\/wp-json\/wp\/v2\/comments?post=7722"}],"version-history":[{"count":3,"href":"https:\/\/beadyarn.com\/sk\/wp-json\/wp\/v2\/product\/7722\/revisions"}],"predecessor-version":[{"id":8455,"href":"https:\/\/beadyarn.com\/sk\/wp-json\/wp\/v2\/product\/7722\/revisions\/8455"}],"wp:featuredmedia":[{"embeddable":true,"href":"https:\/\/beadyarn.com\/sk\/wp-json\/wp\/v2\/media\/8385"}],"wp:attachment":[{"href":"https:\/\/beadyarn.com\/sk\/wp-json\/wp\/v2\/media?parent=7722"}],"wp:term":[{"taxonomy":"product_brand","embeddable":true,"href":"https:\/\/beadyarn.com\/sk\/wp-json\/wp\/v2\/product_brand?post=7722"},{"taxonomy":"product_cat","embeddable":true,"href":"https:\/\/beadyarn.com\/sk\/wp-json\/wp\/v2\/product_cat?post=7722"},{"taxonomy":"product_tag","embeddable":true,"href":"https:\/\/beadyarn.com\/sk\/wp-json\/wp\/v2\/product_tag?post=7722"}],"curies":[{"name":"wp","href":"https:\/\/api.w.org\/{rel}","templated":true}]}}