{"id":7997,"date":"2024-10-12T03:33:31","date_gmt":"2024-10-12T00:33:31","guid":{"rendered":"https:\/\/beadyarn.com\/?post_type=product&#038;p=7997"},"modified":"2025-04-21T13:00:06","modified_gmt":"2025-04-21T10:00:06","slug":"macrame-twisted-rope-multicolor","status":"publish","type":"product","link":"https:\/\/beadyarn.com\/sk\/product\/macrame-twisted-rope-multicolor\/","title":{"rendered":"Macrame Twisted Rope Multicolor"},"content":{"rendered":"<p>Twisted Rope Multicolor - je ide\u00e1lny na pletenie, h\u00e1\u010dkovanie, ako s\u00fa dom\u00e1ce dekor\u00e1cie, doplnky. Beadyarn v\u00e1m pon\u00faka na vlastnej farebnej kolekcii r\u00f4zne farebn\u00e9 mo\u017enosti.  D\u013a\u017eka je pribli\u017ene 250 g\/ 75 m. Obsah-100% Recyklovan\u00e1 bavlna a jej certifik\u00e1t zdravotnej ne\u0161kodnosti. V z\u00e1vislosti od va\u0161ich preferenci\u00ed m\u00f4\u017eete pou\u017ei\u0165 6-8 mm ihli\u010dkov\u00fd h\u00e1\u010dik. \u0160\u0165astn\u00fd de\u0148 pri pleten\u00ed vopred!<\/p>","protected":false},"excerpt":{"rendered":"<ul>\n<li><strong>80% Recyklovan\u00e1 bavlna<\/strong><\/li>\n<li><strong>20% Poliester<\/strong><\/li>\n<li><strong>70 M \/ 77 YARDOV \/ 250 GR<\/strong><\/li>\n<\/ul>\n<div class=\"woocommerce-product-details__short-description\">\n<p><span style=\"color: #ff0000;\"><strong>Ka\u017ed\u00e9 balenie obsahuje celkom 48 cievok.<\/strong><\/span><\/p>\n<\/div>","protected":false},"featured_media":8015,"comment_status":"closed","ping_status":"closed","template":"","meta":[],"product_brand":[277],"product_cat":[57,54],"product_tag":[],"class_list":{"0":"post-7997","1":"product","2":"type-product","3":"status-publish","4":"has-post-thumbnail","6":"product_brand-bead-yarn","7":"product_cat-100-recycled-cotton","8":"product_cat-macrame-cord-items","10":"first","11":"instock","12":"shipping-taxable","13":"purchasable","14":"product-type-variable","15":"has-default-attributes"},"_links":{"self":[{"href":"https:\/\/beadyarn.com\/sk\/wp-json\/wp\/v2\/product\/7997","targetHints":{"allow":["GET"]}}],"collection":[{"href":"https:\/\/beadyarn.com\/sk\/wp-json\/wp\/v2\/product"}],"about":[{"href":"https:\/\/beadyarn.com\/sk\/wp-json\/wp\/v2\/types\/product"}],"replies":[{"embeddable":true,"href":"https:\/\/beadyarn.com\/sk\/wp-json\/wp\/v2\/comments?post=7997"}],"version-history":[{"count":2,"href":"https:\/\/beadyarn.com\/sk\/wp-json\/wp\/v2\/product\/7997\/revisions"}],"predecessor-version":[{"id":8615,"href":"https:\/\/beadyarn.com\/sk\/wp-json\/wp\/v2\/product\/7997\/revisions\/8615"}],"wp:featuredmedia":[{"embeddable":true,"href":"https:\/\/beadyarn.com\/sk\/wp-json\/wp\/v2\/media\/8015"}],"wp:attachment":[{"href":"https:\/\/beadyarn.com\/sk\/wp-json\/wp\/v2\/media?parent=7997"}],"wp:term":[{"taxonomy":"product_brand","embeddable":true,"href":"https:\/\/beadyarn.com\/sk\/wp-json\/wp\/v2\/product_brand?post=7997"},{"taxonomy":"product_cat","embeddable":true,"href":"https:\/\/beadyarn.com\/sk\/wp-json\/wp\/v2\/product_cat?post=7997"},{"taxonomy":"product_tag","embeddable":true,"href":"https:\/\/beadyarn.com\/sk\/wp-json\/wp\/v2\/product_tag?post=7997"}],"curies":[{"name":"wp","href":"https:\/\/api.w.org\/{rel}","templated":true}]}}