{"id":8141,"date":"2025-01-02T22:05:25","date_gmt":"2025-01-02T19:05:25","guid":{"rendered":"https:\/\/beadyarn.com\/?post_type=product&#038;p=8141"},"modified":"2025-01-02T22:05:40","modified_gmt":"2025-01-02T19:05:40","slug":"ribbon-polyester","status":"publish","type":"product","link":"https:\/\/beadyarn.com\/sk\/product\/ribbon-polyester\/","title":{"rendered":"Stuha Polyester"},"content":{"rendered":"<p>Vyroben\u00e9 z 100%polyesteru. Je ide\u00e1lny na pletenie, h\u00e1\u010dkovanie, ako s\u00fa ko\u0161\u00edky, ta\u0161ky, bytov\u00e9 dekor\u00e1cie, doplnky a \u010fal\u0161ie. Beadyarn v\u00e1m pon\u00faka na vlastnej farebnej kolekcii r\u00f4zne farebn\u00e9 mo\u017enosti. D\u013a\u017eka je pribli\u017ene 250 g\/125 m. M\u00e1 certifik\u00e1t zdravotnej ne\u0161kodnosti. V z\u00e1vislosti od va\u0161ich preferenci\u00ed m\u00f4\u017eete pou\u017ei\u0165 3-4 mm ihli\u010dkov\u00fd h\u00e1\u010dik. \u0160\u0165astn\u00fd de\u0148 pri pleten\u00ed vopred!<\/p>","protected":false},"excerpt":{"rendered":"<ul>\n<li><strong>100% Poliester FDY<\/strong><\/li>\n<li><strong>125 M \/ 131 YARDOV \/ 250 GR<\/strong><\/li>\n<\/ul>","protected":false},"featured_media":8142,"comment_status":"closed","ping_status":"closed","template":"","meta":[],"product_brand":[],"product_cat":[57],"product_tag":[],"class_list":{"0":"post-8141","1":"product","2":"type-product","3":"status-publish","4":"has-post-thumbnail","6":"product_cat-100-recycled-cotton","8":"first","9":"instock","10":"shipping-taxable","11":"purchasable","12":"product-type-simple"},"_links":{"self":[{"href":"https:\/\/beadyarn.com\/sk\/wp-json\/wp\/v2\/product\/8141","targetHints":{"allow":["GET"]}}],"collection":[{"href":"https:\/\/beadyarn.com\/sk\/wp-json\/wp\/v2\/product"}],"about":[{"href":"https:\/\/beadyarn.com\/sk\/wp-json\/wp\/v2\/types\/product"}],"replies":[{"embeddable":true,"href":"https:\/\/beadyarn.com\/sk\/wp-json\/wp\/v2\/comments?post=8141"}],"version-history":[{"count":0,"href":"https:\/\/beadyarn.com\/sk\/wp-json\/wp\/v2\/product\/8141\/revisions"}],"wp:featuredmedia":[{"embeddable":true,"href":"https:\/\/beadyarn.com\/sk\/wp-json\/wp\/v2\/media\/8142"}],"wp:attachment":[{"href":"https:\/\/beadyarn.com\/sk\/wp-json\/wp\/v2\/media?parent=8141"}],"wp:term":[{"taxonomy":"product_brand","embeddable":true,"href":"https:\/\/beadyarn.com\/sk\/wp-json\/wp\/v2\/product_brand?post=8141"},{"taxonomy":"product_cat","embeddable":true,"href":"https:\/\/beadyarn.com\/sk\/wp-json\/wp\/v2\/product_cat?post=8141"},{"taxonomy":"product_tag","embeddable":true,"href":"https:\/\/beadyarn.com\/sk\/wp-json\/wp\/v2\/product_tag?post=8141"}],"curies":[{"name":"wp","href":"https:\/\/api.w.org\/{rel}","templated":true}]}}