{"id":8172,"date":"2025-01-02T22:13:37","date_gmt":"2025-01-02T19:13:37","guid":{"rendered":"https:\/\/beadyarn.com\/?post_type=product&#038;p=8172"},"modified":"2025-05-30T00:07:31","modified_gmt":"2025-05-29T21:07:31","slug":"macrame-slim-lurex","status":"publish","type":"product","link":"https:\/\/beadyarn.com\/sk\/product\/macrame-slim-lurex\/","title":{"rendered":"Macrame Slim Lurex"},"content":{"rendered":"<p>Vyroben\u00e9 z recyklovanej bavlny. Je to kr\u00e1sna vo\u013eba pre ru\u010dn\u00e9 pletenie macrame projektov. D\u013a\u017eka je pribli\u017ene 250 g\/ 200 m. Obsah-70% recyklovan\u00e1 bavlna, 20% kovov\u00e1 ni\u0165, 10% polyester. M\u00e1 certifik\u00e1t zdravotnej ne\u0161kodnosti. Odpor\u00fa\u010da sa pou\u017e\u00edva\u0165 4-5 mm ihlicov\u00fd h\u00e1\u010dik. Beadyarn v\u00e1m pon\u00faka na vlastnej farebnej kolekcii r\u00f4zne farebn\u00e9 mo\u017enosti.<\/p>","protected":false},"excerpt":{"rendered":"<ul>\n<li><strong>70% Recyklovan\u00e1 bavlna<\/strong><\/li>\n<li><strong>20% Metalick\u00e1 priadza<\/strong><\/li>\n<li><strong>10% Poliester<\/strong><\/li>\n<li><strong>200 M \/ 218 YARDOV \/ 250 GR<\/strong><\/li>\n<\/ul>","protected":false},"featured_media":8173,"comment_status":"closed","ping_status":"closed","template":"","meta":[],"product_brand":[277],"product_cat":[57,54],"product_tag":[],"class_list":{"0":"post-8172","1":"product","2":"type-product","3":"status-publish","4":"has-post-thumbnail","6":"product_brand-bead-yarn","7":"product_cat-100-recycled-cotton","8":"product_cat-macrame-cord-items","10":"first","11":"instock","12":"shipping-taxable","13":"purchasable","14":"product-type-simple"},"_links":{"self":[{"href":"https:\/\/beadyarn.com\/sk\/wp-json\/wp\/v2\/product\/8172","targetHints":{"allow":["GET"]}}],"collection":[{"href":"https:\/\/beadyarn.com\/sk\/wp-json\/wp\/v2\/product"}],"about":[{"href":"https:\/\/beadyarn.com\/sk\/wp-json\/wp\/v2\/types\/product"}],"replies":[{"embeddable":true,"href":"https:\/\/beadyarn.com\/sk\/wp-json\/wp\/v2\/comments?post=8172"}],"version-history":[{"count":3,"href":"https:\/\/beadyarn.com\/sk\/wp-json\/wp\/v2\/product\/8172\/revisions"}],"predecessor-version":[{"id":8657,"href":"https:\/\/beadyarn.com\/sk\/wp-json\/wp\/v2\/product\/8172\/revisions\/8657"}],"wp:featuredmedia":[{"embeddable":true,"href":"https:\/\/beadyarn.com\/sk\/wp-json\/wp\/v2\/media\/8173"}],"wp:attachment":[{"href":"https:\/\/beadyarn.com\/sk\/wp-json\/wp\/v2\/media?parent=8172"}],"wp:term":[{"taxonomy":"product_brand","embeddable":true,"href":"https:\/\/beadyarn.com\/sk\/wp-json\/wp\/v2\/product_brand?post=8172"},{"taxonomy":"product_cat","embeddable":true,"href":"https:\/\/beadyarn.com\/sk\/wp-json\/wp\/v2\/product_cat?post=8172"},{"taxonomy":"product_tag","embeddable":true,"href":"https:\/\/beadyarn.com\/sk\/wp-json\/wp\/v2\/product_tag?post=8172"}],"curies":[{"name":"wp","href":"https:\/\/api.w.org\/{rel}","templated":true}]}}