{"id":8168,"date":"2025-01-02T22:12:23","date_gmt":"2025-01-02T19:12:23","guid":{"rendered":"https:\/\/beadyarn.com\/?post_type=product&#038;p=8168"},"modified":"2025-04-21T12:59:58","modified_gmt":"2025-04-21T09:59:58","slug":"macrame-slim-remix","status":"publish","type":"product","link":"https:\/\/beadyarn.com\/sv\/product\/macrame-slim-remix\/","title":{"rendered":"Macrame Slim Remix"},"content":{"rendered":"<p>Tillverkad av \u00e5tervunnen bomull. Det \u00e4r ett vackert val f\u00f6r handstickade makramprojekt. Det finns ca. 250 gr\/ 200 m l\u00e4ngd. Inneh\u00e5ll-100% \u00c5tervunnen bomull. Det \u00e4r certifierat ofarligt f\u00f6r h\u00e4lsan. Rekommenderar att anv\u00e4nda 4-5 mm n\u00e5lkrok. Beadyarn erbjuder dig p\u00e5 den egna f\u00e4rgkollektionen en m\u00e4ngd olika f\u00e4rgalternativ. Trevlig stickdag p\u00e5 f\u00f6rhand!<\/p>","protected":false},"excerpt":{"rendered":"<ul>\n<li><strong>80% \u00c5tervunnen bomull<\/strong><\/li>\n<li><strong>20% Poliester<\/strong><\/li>\n<li><strong>200 METER \/ 218 YARDS \/ 250 GR<\/strong><\/li>\n<\/ul>","protected":false},"featured_media":8169,"comment_status":"closed","ping_status":"closed","template":"","meta":[],"product_brand":[277],"product_cat":[57,54],"product_tag":[],"class_list":{"0":"post-8168","1":"product","2":"type-product","3":"status-publish","4":"has-post-thumbnail","6":"product_brand-bead-yarn","7":"product_cat-100-recycled-cotton","8":"product_cat-macrame-cord-items","10":"first","11":"instock","12":"shipping-taxable","13":"purchasable","14":"product-type-simple"},"_links":{"self":[{"href":"https:\/\/beadyarn.com\/sv\/wp-json\/wp\/v2\/product\/8168","targetHints":{"allow":["GET"]}}],"collection":[{"href":"https:\/\/beadyarn.com\/sv\/wp-json\/wp\/v2\/product"}],"about":[{"href":"https:\/\/beadyarn.com\/sv\/wp-json\/wp\/v2\/types\/product"}],"replies":[{"embeddable":true,"href":"https:\/\/beadyarn.com\/sv\/wp-json\/wp\/v2\/comments?post=8168"}],"version-history":[{"count":2,"href":"https:\/\/beadyarn.com\/sv\/wp-json\/wp\/v2\/product\/8168\/revisions"}],"predecessor-version":[{"id":8622,"href":"https:\/\/beadyarn.com\/sv\/wp-json\/wp\/v2\/product\/8168\/revisions\/8622"}],"wp:featuredmedia":[{"embeddable":true,"href":"https:\/\/beadyarn.com\/sv\/wp-json\/wp\/v2\/media\/8169"}],"wp:attachment":[{"href":"https:\/\/beadyarn.com\/sv\/wp-json\/wp\/v2\/media?parent=8168"}],"wp:term":[{"taxonomy":"product_brand","embeddable":true,"href":"https:\/\/beadyarn.com\/sv\/wp-json\/wp\/v2\/product_brand?post=8168"},{"taxonomy":"product_cat","embeddable":true,"href":"https:\/\/beadyarn.com\/sv\/wp-json\/wp\/v2\/product_cat?post=8168"},{"taxonomy":"product_tag","embeddable":true,"href":"https:\/\/beadyarn.com\/sv\/wp-json\/wp\/v2\/product_tag?post=8168"}],"curies":[{"name":"wp","href":"https:\/\/api.w.org\/{rel}","templated":true}]}}